{"id":2783,"date":"2024-09-29T23:12:22","date_gmt":"2024-09-30T07:12:22","guid":{"rendered":"https:\/\/recreen.com\/?post_type=product&#038;p=2783"},"modified":"2024-10-01T02:16:57","modified_gmt":"2024-10-01T10:16:57","slug":"12-8v-6ah-lifepo4-lithium-iron-phosphate-battery","status":"publish","type":"product","link":"https:\/\/recreen.com\/es\/products\/12-8v-6ah-lifepo4-lithium-iron-phosphate-battery\/","title":{"rendered":"12.8V 6Ah Lifepo4 Lithium Iron Phosphate Battery"},"content":{"rendered":"<p>Welcome to the Recreen Energy flagship battery lineup, where we proudly present our high-performance 6Ah model. Packed with an impressive 16.8Wh capacity, this sleek and low-profile battery (019 case size) is the epitome of excellence. Boasting Grade A+ quality cells and a meticulously matched BMS, it guarantees a remarkable lifespan of 15-20 years. Count on this enduring investment to deliver unmatched reliability and durability for leisure, industrial, or any other deep cycle applications you may have. Its lightweight and compact design make it ideal for powering devices that require moderate energy without the bulk of larger batteries.<\/p>\n<p>&nbsp;<\/p>\n<p>12.8V6Ah LiFePO4 battery is a perfect replacement for traditional lead-acid batteries because LiFePO4 cells have higher energy density, better stability performance and greater power.<\/p>\n<p>&nbsp;<\/p>","protected":false},"excerpt":{"rendered":"<p>Las bater\u00edas de litio destacan por su larga vida \u00fatil y su bajo mantenimiento, superando a otras tecnolog\u00edas. La variante LiFePO4 garantiza una mayor estabilidad t\u00e9rmica y qu\u00edmica para una mayor seguridad. A pesar de ser peque\u00f1a y ligera, ofrece una potencia impresionante, lo que la hace ideal para diversas aplicaciones.<\/p>\n<p><strong>Caracter\u00edstica:<\/strong><\/p>\n<ul>\n<li>\u00a0Application:UPS,Solar &amp; Wind power system,Electric Vehicle,E-bike, E-rickshaw,Lighting,fish finders, children&#8217;s scooters, LED light, alarm system, security camera, game machine, outdoor camping, hair curler, automaci door, cctv,etc.<\/li>\n<li>Sistema de gesti\u00f3n inteligente de bater\u00edas integrado<\/li>\n<li>C\u00e9lula de LFP (fosfato de hierro y litio) para garantizar la m\u00e1xima seguridad, mayor densidad energ\u00e9tica, ciclos de vida m\u00e1s largos y un amplio rango de temperaturas.<\/li>\n<li>12.8V6Ah lithium batteries with built-in 6A battery management system (BMS) to protect batteries from overcharge, over discharge, over current, over temperature, short circuit.<\/li>\n<\/ul>","protected":false},"featured_media":2784,"template":"","meta":{"_acf_changed":false,"_seopress_robots_primary_cat":"none","_seopress_titles_title":"12.8v 6ah lifepo4 lithium battery","_seopress_titles_desc":"lifepo4 battery,12.8v 6ah lifepo4 battery,lithium battery,12.8v 6ah lithium battery,12.8v lifepo4 lithium battery,12v 6ah lithium battery,ups backup battery 12v 6ah","_seopress_robots_index":""},"product_brand":[],"product_cat":[84],"product_tag":[],"class_list":{"0":"post-2783","1":"product","2":"type-product","3":"status-publish","4":"has-post-thumbnail","6":"product_cat-lead-acid-replacement-lithium-battery","8":"first","9":"instock","10":"shipping-taxable","11":"product-type-simple"},"acf":[],"_links":{"self":[{"href":"https:\/\/recreen.com\/es\/wp-json\/wp\/v2\/product\/2783"}],"collection":[{"href":"https:\/\/recreen.com\/es\/wp-json\/wp\/v2\/product"}],"about":[{"href":"https:\/\/recreen.com\/es\/wp-json\/wp\/v2\/types\/product"}],"wp:featuredmedia":[{"embeddable":true,"href":"https:\/\/recreen.com\/es\/wp-json\/wp\/v2\/media\/2784"}],"wp:attachment":[{"href":"https:\/\/recreen.com\/es\/wp-json\/wp\/v2\/media?parent=2783"}],"wp:term":[{"taxonomy":"product_brand","embeddable":true,"href":"https:\/\/recreen.com\/es\/wp-json\/wp\/v2\/product_brand?post=2783"},{"taxonomy":"product_cat","embeddable":true,"href":"https:\/\/recreen.com\/es\/wp-json\/wp\/v2\/product_cat?post=2783"},{"taxonomy":"product_tag","embeddable":true,"href":"https:\/\/recreen.com\/es\/wp-json\/wp\/v2\/product_tag?post=2783"}],"curies":[{"name":"wp","href":"https:\/\/api.w.org\/{rel}","templated":true}]}}