{"id":2753,"date":"2024-09-28T23:50:36","date_gmt":"2024-09-29T07:50:36","guid":{"rendered":"https:\/\/recreen.com\/?post_type=product&#038;p=2753"},"modified":"2024-11-20T22:16:49","modified_gmt":"2024-11-21T06:16:49","slug":"5kwh-rack-mounted-lithium-batteries","status":"publish","type":"product","link":"https:\/\/recreen.com\/es\/products\/5kwh-rack-mounted-lithium-batteries\/","title":{"rendered":"51.2V 100Ah 5KWH Rack Mounted Lithium ion LFP Batteries for Residential"},"content":{"rendered":"<p>Almacenamiento de energ\u00eda residencial con los sistemas de alta seguridad y fiabilidad de Recreen Energy. Alimentados por bater\u00edas de litio hierro fosfato y tecnolog\u00eda BMS avanzada, estos sistemas almacenan eficientemente la energ\u00eda solar sobrante de los paneles fotovoltaicos de los tejados. Al aprovechar la electricidad a precios m\u00e1s bajos durante el d\u00eda y suministrar energ\u00eda a sus electrodom\u00e9sticos por la noche, experimentar\u00e1 un ahorro significativo en sus facturas de electricidad al tiempo que reduce la dependencia de la red. Adopte soluciones energ\u00e9ticas sostenibles y tome el control de su consumo el\u00e9ctrico con los vanguardistas sistemas de almacenamiento de energ\u00eda residencial de Recreen Energy.<\/p>\n<p>&nbsp;<\/p>\n<ul>\n<li>Rated for 6000 deep charge &amp; discharge cycles 15-year life with 80% depth of discharge daily, designed for up to 20-year life<\/li>\n<li>Tier One, A+ Cell Composition, 99% Efficiency LiFePo4 16-Cell Pack<\/li>\n<li>#1 Bater\u00eda de densidad energ\u00e9tica para rack de servidores Factor de forma<\/li>\n<li>Comunicaciones de inversores de bucle cerrado seleccionables, incluidos Schneider, Solark, Victron, Growatt...<\/li>\n<li>Hasta 16 pilas en paralelo<br \/>\n- \u00a1Consiga la m\u00e1xima potencia posible! Hasta 81,9 kWh manteniendo las comunicaciones BMS.<\/li>\n<\/ul>\n<p>Funci\u00f3n opcional: Pantalla LCD, funci\u00f3n de autocalentamiento, Bluetooth...<\/p>","protected":false},"excerpt":{"rendered":"<p>Bater\u00eda de almacenamiento Lifepo4 de 51,2 V y 100 Ah montada en bastidor: Bater\u00eda LFP avanzada - m\u00e1s segura y eficiente. Compatible con los principales inversores, es la elecci\u00f3n inteligente para las necesidades de bater\u00eda: sustituir, ampliar o instalar una nueva. Conf\u00ede en una integraci\u00f3n perfecta y un rendimiento duradero. Adopte el futuro del almacenamiento de energ\u00eda con la bater\u00eda de fosfato de iones de litio de 51,2 V y 100 Ah.<\/p>\n<p><strong>Caracter\u00edstica:<\/strong><\/p>\n<ul>\n<li>C\u00e9lula LFP (fosfato de hierro y litio) para garantizar la m\u00e1xima seguridad<\/li>\n<li>Ciclos de vida extra largos con 6000 ciclos con 80% DOD<\/li>\n<li>El BMS incorporado protege la c\u00e9lula en cuanto a temperatura, corriente, tensi\u00f3n, SoC, SoH.<\/li>\n<li>Posibilidad de conexi\u00f3n en paralelo de hasta 16 piezas<\/li>\n<li>Bater\u00edas de litio a medida<\/li>\n<\/ul>","protected":false},"featured_media":2892,"template":"","meta":{"_acf_changed":false,"_seopress_robots_primary_cat":"none","_seopress_titles_title":"residential 51.2v 100ah 5kwh rack mounted lithium batteries","_seopress_titles_desc":"lithium ion batteries,51.2v 100ah lithium batteries,5kwh lithium batteries,5kwh rack mounted lithium batteries,51.2v 100ah 5kwh rack mounted lithium batteries","_seopress_robots_index":""},"product_brand":[],"product_cat":[22,43],"product_tag":[],"class_list":{"0":"post-2753","1":"product","2":"type-product","3":"status-publish","4":"has-post-thumbnail","6":"product_cat-uncategorized","7":"product_cat-low-voltage-lfp-residential-battery","9":"first","10":"instock","11":"shipping-taxable","12":"product-type-simple"},"acf":[],"_links":{"self":[{"href":"https:\/\/recreen.com\/es\/wp-json\/wp\/v2\/product\/2753"}],"collection":[{"href":"https:\/\/recreen.com\/es\/wp-json\/wp\/v2\/product"}],"about":[{"href":"https:\/\/recreen.com\/es\/wp-json\/wp\/v2\/types\/product"}],"wp:featuredmedia":[{"embeddable":true,"href":"https:\/\/recreen.com\/es\/wp-json\/wp\/v2\/media\/2892"}],"wp:attachment":[{"href":"https:\/\/recreen.com\/es\/wp-json\/wp\/v2\/media?parent=2753"}],"wp:term":[{"taxonomy":"product_brand","embeddable":true,"href":"https:\/\/recreen.com\/es\/wp-json\/wp\/v2\/product_brand?post=2753"},{"taxonomy":"product_cat","embeddable":true,"href":"https:\/\/recreen.com\/es\/wp-json\/wp\/v2\/product_cat?post=2753"},{"taxonomy":"product_tag","embeddable":true,"href":"https:\/\/recreen.com\/es\/wp-json\/wp\/v2\/product_tag?post=2753"}],"curies":[{"name":"wp","href":"https:\/\/api.w.org\/{rel}","templated":true}]}}