{"id":1709,"date":"2023-07-19T01:35:38","date_gmt":"2023-07-19T09:35:38","guid":{"rendered":"https:\/\/recreen.com\/?post_type=product&#038;p=1709"},"modified":"2024-01-01T19:11:02","modified_gmt":"2024-01-02T03:11:02","slug":"hybrid-solar-kits","status":"publish","type":"product","link":"https:\/\/recreen.com\/es\/products\/hybrid-solar-kits\/","title":{"rendered":"Kits solares trif\u00e1sicos h\u00edbridos de alta tensi\u00f3n personalizados Almacenamiento de energ\u00eda residencial europeo"},"content":{"rendered":"<p><img fetchpriority=\"high\" decoding=\"async\" class=\"size-full wp-image-1714\" src=\"https:\/\/recreen.com\/wp-content\/uploads\/2023\/07\/high-voltage-hybrid-inverters.jpg\" alt=\"high voltage hybrid inverters\" width=\"750\" height=\"416\" srcset=\"https:\/\/recreen.com\/wp-content\/uploads\/2023\/07\/high-voltage-hybrid-inverters.jpg 750w, https:\/\/recreen.com\/wp-content\/uploads\/2023\/07\/high-voltage-hybrid-inverters-300x166.jpg 300w, https:\/\/recreen.com\/wp-content\/uploads\/2023\/07\/high-voltage-hybrid-inverters-18x10.jpg 18w, https:\/\/recreen.com\/wp-content\/uploads\/2023\/07\/high-voltage-hybrid-inverters-600x333.jpg 600w\" sizes=\"(max-width: 750px) 100vw, 750px\" \/><\/p>\n<p><img decoding=\"async\" class=\"size-full wp-image-1713\" src=\"https:\/\/recreen.com\/wp-content\/uploads\/2023\/07\/high-voltage-residential-energy-storage-1.jpg\" alt=\"high voltrage residential energy storage\" width=\"750\" height=\"488\" srcset=\"https:\/\/recreen.com\/wp-content\/uploads\/2023\/07\/high-voltage-residential-energy-storage-1.jpg 750w, https:\/\/recreen.com\/wp-content\/uploads\/2023\/07\/high-voltage-residential-energy-storage-1-300x195.jpg 300w, https:\/\/recreen.com\/wp-content\/uploads\/2023\/07\/high-voltage-residential-energy-storage-1-18x12.jpg 18w, https:\/\/recreen.com\/wp-content\/uploads\/2023\/07\/high-voltage-residential-energy-storage-1-600x390.jpg 600w\" sizes=\"(max-width: 750px) 100vw, 750px\" \/><\/p>\n<p><img decoding=\"async\" class=\"size-full wp-image-1697\" src=\"https:\/\/recreen.com\/wp-content\/uploads\/2023\/07\/solar-panel-off-grid-system.jpg\" alt=\"5kw 5kwh 10kwh 15kwh off grid solar system kit residential energy storage\" width=\"750\" height=\"487\" srcset=\"https:\/\/recreen.com\/wp-content\/uploads\/2023\/07\/solar-panel-off-grid-system.jpg 750w, https:\/\/recreen.com\/wp-content\/uploads\/2023\/07\/solar-panel-off-grid-system-300x195.jpg 300w, https:\/\/recreen.com\/wp-content\/uploads\/2023\/07\/solar-panel-off-grid-system-18x12.jpg 18w, https:\/\/recreen.com\/wp-content\/uploads\/2023\/07\/solar-panel-off-grid-system-600x390.jpg 600w\" sizes=\"(max-width: 750px) 100vw, 750px\" \/><\/p>\n<p><img loading=\"lazy\" decoding=\"async\" class=\"size-full wp-image-1698\" src=\"https:\/\/recreen.com\/wp-content\/uploads\/2023\/07\/off-grid-solar-kits.jpg\" alt=\"5kw 5kwh 10kwh 15kwh off grid solar system kit residential energy storage\" width=\"750\" height=\"688\" srcset=\"https:\/\/recreen.com\/wp-content\/uploads\/2023\/07\/off-grid-solar-kits.jpg 750w, https:\/\/recreen.com\/wp-content\/uploads\/2023\/07\/off-grid-solar-kits-300x275.jpg 300w, https:\/\/recreen.com\/wp-content\/uploads\/2023\/07\/off-grid-solar-kits-13x12.jpg 13w, https:\/\/recreen.com\/wp-content\/uploads\/2023\/07\/off-grid-solar-kits-600x550.jpg 600w\" sizes=\"(max-width: 750px) 100vw, 750px\" \/><\/p>","protected":false},"excerpt":{"rendered":"<p>En Sylon Solar, nos enorgullecemos de ofrecer soluciones innovadoras de energ\u00eda renovable, y nuestros kits solares h\u00edbridos trif\u00e1sicos de alto voltaje no son una excepci\u00f3n. Estos avanzados kits combinan las mejores caracter\u00edsticas de los sistemas aislados y conectados a la red, proporcionando una eficiencia y versatilidad inigualables para empresas e instalaciones a gran escala.<\/p>\n<h2><strong>Por qu\u00e9 necesitas kits solares diy:<\/strong><\/h2>\n<ul>\n<li><strong>Escalable y vers\u00e1til:<\/strong> Estos kits est\u00e1n dise\u00f1ados para instalaciones a gran escala, por lo que son adecuados para aplicaciones comerciales e industriales.<\/li>\n<li><strong>Personalizaci\u00f3n:<\/strong> Los kits de bricolaje permiten a los clientes adaptar su sistema solar a sus necesidades energ\u00e9ticas espec\u00edficas y a su presupuesto, garantizando la elecci\u00f3n de los componentes adecuados para su situaci\u00f3n particular.<\/li>\n<li><strong>Flexibilidad:<\/strong> Los kits de bricolaje ofrecen flexibilidad en el dise\u00f1o del sistema, lo que permite a los clientes a\u00f1adir o actualizar los componentes que necesiten en el futuro.<\/li>\n<li>Ofrecemos una soluci\u00f3n integral de almacenamiento de energ\u00eda solar para satisfacer sus necesidades con la f\u00e1brica directamente a granel precio al por mayor<\/li>\n<\/ul>","protected":false},"featured_media":1710,"template":"","meta":{"_acf_changed":false,"_seopress_robots_primary_cat":"none","_seopress_titles_title":"tailor made residential energy storage solar kits","_seopress_titles_desc":"At Sylon Solar, we take pride in offering innovative renewable energy solutions, and our Hybrid Three-Phase High Voltage Solar Kits are no exception. These advanced kits combine the best features of off-grid and grid-tied systems, providing unmatched efficiency and versatility for businesses and large-scale installations","_seopress_robots_index":""},"product_brand":[],"product_cat":[22],"product_tag":[72],"class_list":{"0":"post-1709","1":"product","2":"type-product","3":"status-publish","4":"has-post-thumbnail","6":"product_cat-uncategorized","7":"product_tag-whole-home-backup-solar-battery-system-solution","9":"first","10":"instock","11":"shipping-taxable","12":"product-type-simple"},"acf":[],"_links":{"self":[{"href":"https:\/\/recreen.com\/es\/wp-json\/wp\/v2\/product\/1709"}],"collection":[{"href":"https:\/\/recreen.com\/es\/wp-json\/wp\/v2\/product"}],"about":[{"href":"https:\/\/recreen.com\/es\/wp-json\/wp\/v2\/types\/product"}],"wp:featuredmedia":[{"embeddable":true,"href":"https:\/\/recreen.com\/es\/wp-json\/wp\/v2\/media\/1710"}],"wp:attachment":[{"href":"https:\/\/recreen.com\/es\/wp-json\/wp\/v2\/media?parent=1709"}],"wp:term":[{"taxonomy":"product_brand","embeddable":true,"href":"https:\/\/recreen.com\/es\/wp-json\/wp\/v2\/product_brand?post=1709"},{"taxonomy":"product_cat","embeddable":true,"href":"https:\/\/recreen.com\/es\/wp-json\/wp\/v2\/product_cat?post=1709"},{"taxonomy":"product_tag","embeddable":true,"href":"https:\/\/recreen.com\/es\/wp-json\/wp\/v2\/product_tag?post=1709"}],"curies":[{"name":"wp","href":"https:\/\/api.w.org\/{rel}","templated":true}]}}