{"id":1703,"date":"2023-07-19T01:06:20","date_gmt":"2023-07-19T09:06:20","guid":{"rendered":"https:\/\/recreen.com\/?post_type=product&#038;p=1703"},"modified":"2024-01-01T19:15:10","modified_gmt":"2024-01-02T03:15:10","slug":"complete-off-grid-solar-kits","status":"publish","type":"product","link":"https:\/\/recreen.com\/es\/products\/complete-off-grid-solar-kits\/","title":{"rendered":"DIY Completo fuera de la red Solar Kits Inversores Bater\u00eda Panel Solar"},"content":{"rendered":"<p><img fetchpriority=\"high\" decoding=\"async\" class=\"size-full wp-image-1707\" src=\"https:\/\/recreen.com\/wp-content\/uploads\/2023\/07\/5kw-5kwh-off-grid-solar-kits.jpg\" alt=\"5kw 5kwh off grid solar kits\" width=\"750\" height=\"416\" srcset=\"https:\/\/recreen.com\/wp-content\/uploads\/2023\/07\/5kw-5kwh-off-grid-solar-kits.jpg 750w, https:\/\/recreen.com\/wp-content\/uploads\/2023\/07\/5kw-5kwh-off-grid-solar-kits-300x166.jpg 300w, https:\/\/recreen.com\/wp-content\/uploads\/2023\/07\/5kw-5kwh-off-grid-solar-kits-18x10.jpg 18w, https:\/\/recreen.com\/wp-content\/uploads\/2023\/07\/5kw-5kwh-off-grid-solar-kits-600x333.jpg 600w\" sizes=\"(max-width: 750px) 100vw, 750px\" \/><\/p>\n<p><img decoding=\"async\" class=\"size-full wp-image-1699\" src=\"https:\/\/recreen.com\/wp-content\/uploads\/2023\/07\/5kw-powerwall-battery.jpg\" alt=\"5kw powerwall battery\" width=\"750\" height=\"488\" srcset=\"https:\/\/recreen.com\/wp-content\/uploads\/2023\/07\/5kw-powerwall-battery.jpg 750w, https:\/\/recreen.com\/wp-content\/uploads\/2023\/07\/5kw-powerwall-battery-300x195.jpg 300w, https:\/\/recreen.com\/wp-content\/uploads\/2023\/07\/5kw-powerwall-battery-18x12.jpg 18w, https:\/\/recreen.com\/wp-content\/uploads\/2023\/07\/5kw-powerwall-battery-600x390.jpg 600w\" sizes=\"(max-width: 750px) 100vw, 750px\" \/><\/p>\n<p><img decoding=\"async\" class=\"size-full wp-image-1697\" src=\"https:\/\/recreen.com\/wp-content\/uploads\/2023\/07\/solar-panel-off-grid-system.jpg\" alt=\"5kw 5kwh 10kwh 15kwh off grid solar system kit residential energy storage\" width=\"750\" height=\"487\" srcset=\"https:\/\/recreen.com\/wp-content\/uploads\/2023\/07\/solar-panel-off-grid-system.jpg 750w, https:\/\/recreen.com\/wp-content\/uploads\/2023\/07\/solar-panel-off-grid-system-300x195.jpg 300w, https:\/\/recreen.com\/wp-content\/uploads\/2023\/07\/solar-panel-off-grid-system-18x12.jpg 18w, https:\/\/recreen.com\/wp-content\/uploads\/2023\/07\/solar-panel-off-grid-system-600x390.jpg 600w\" sizes=\"(max-width: 750px) 100vw, 750px\" \/><\/p>\n<p><img loading=\"lazy\" decoding=\"async\" class=\"size-full wp-image-1698\" src=\"https:\/\/recreen.com\/wp-content\/uploads\/2023\/07\/off-grid-solar-kits.jpg\" alt=\"5kw 5kwh 10kwh 15kwh off grid solar system kit residential energy storage\" width=\"750\" height=\"688\" srcset=\"https:\/\/recreen.com\/wp-content\/uploads\/2023\/07\/off-grid-solar-kits.jpg 750w, https:\/\/recreen.com\/wp-content\/uploads\/2023\/07\/off-grid-solar-kits-300x275.jpg 300w, https:\/\/recreen.com\/wp-content\/uploads\/2023\/07\/off-grid-solar-kits-13x12.jpg 13w, https:\/\/recreen.com\/wp-content\/uploads\/2023\/07\/off-grid-solar-kits-600x550.jpg 600w\" sizes=\"(max-width: 750px) 100vw, 750px\" \/><\/p>","protected":false},"excerpt":{"rendered":"<p>\u00a1No dependa de la red el\u00e9ctrica con nuestro sistema solar DIY! Disfrute de independencia energ\u00e9tica utilizando paneles solares de alta calidad, control de carga inteligente, bater\u00edas fiables e inversores eficientes. Controle el estado de las bater\u00edas y mant\u00e9ngase seguro con los interruptores de desconexi\u00f3n de CC. Nuestro panel de distribuci\u00f3n de CA garantiza un suministro de energ\u00eda sin problemas. A\u00f1ada un generador de respaldo opcional para disponer de energ\u00eda continua. Ahorre en facturas y ayude al medio ambiente.<\/p>\n<h2><strong>Por qu\u00e9 necesitas un sistema solar aislado:<\/strong><\/h2>\n<ul>\n<li><strong>Ahorro de costes:<\/strong> Los kits de bricolaje pueden ser m\u00e1s rentables que los sistemas preinstalados, ya que los clientes pueden evitar la mano de obra y los gastos de instalaci\u00f3n haci\u00e9ndolo ellos mismos.<\/li>\n<li><strong>Personalizaci\u00f3n:<\/strong> Los kits de bricolaje permiten a los clientes adaptar su sistema solar a sus necesidades energ\u00e9ticas espec\u00edficas y a su presupuesto, garantizando la elecci\u00f3n de los componentes adecuados para su situaci\u00f3n particular.<\/li>\n<li><strong>Flexibilidad:<\/strong> Los kits de bricolaje ofrecen flexibilidad en el dise\u00f1o del sistema, lo que permite a los clientes a\u00f1adir o actualizar los componentes que necesiten en el futuro.<\/li>\n<li>Ofrecemos una soluci\u00f3n integral de almacenamiento de energ\u00eda solar para satisfacer sus necesidades con la f\u00e1brica directamente a granel precio al por mayor<\/li>\n<\/ul>","protected":false},"featured_media":1704,"template":"","meta":{"_acf_changed":false,"_seopress_robots_primary_cat":"none","_seopress_titles_title":"tailor made residential off grid solar kits","_seopress_titles_desc":"Go Off-Grid with Our DIY Solar System! Enjoy energy independence using premium solar panels, smart charge control, reliable batteries, and efficient inverters. ","_seopress_robots_index":""},"product_brand":[],"product_cat":[22],"product_tag":[63,71,72],"class_list":{"0":"post-1703","1":"product","2":"type-product","3":"status-publish","4":"has-post-thumbnail","6":"product_cat-uncategorized","7":"product_tag-off-grid","8":"product_tag-residential-off-grid-solar","9":"product_tag-whole-home-backup-solar-battery-system-solution","11":"first","12":"instock","13":"shipping-taxable","14":"product-type-simple"},"acf":[],"_links":{"self":[{"href":"https:\/\/recreen.com\/es\/wp-json\/wp\/v2\/product\/1703"}],"collection":[{"href":"https:\/\/recreen.com\/es\/wp-json\/wp\/v2\/product"}],"about":[{"href":"https:\/\/recreen.com\/es\/wp-json\/wp\/v2\/types\/product"}],"wp:featuredmedia":[{"embeddable":true,"href":"https:\/\/recreen.com\/es\/wp-json\/wp\/v2\/media\/1704"}],"wp:attachment":[{"href":"https:\/\/recreen.com\/es\/wp-json\/wp\/v2\/media?parent=1703"}],"wp:term":[{"taxonomy":"product_brand","embeddable":true,"href":"https:\/\/recreen.com\/es\/wp-json\/wp\/v2\/product_brand?post=1703"},{"taxonomy":"product_cat","embeddable":true,"href":"https:\/\/recreen.com\/es\/wp-json\/wp\/v2\/product_cat?post=1703"},{"taxonomy":"product_tag","embeddable":true,"href":"https:\/\/recreen.com\/es\/wp-json\/wp\/v2\/product_tag?post=1703"}],"curies":[{"name":"wp","href":"https:\/\/api.w.org\/{rel}","templated":true}]}}