{"id":1678,"date":"2023-07-18T22:05:11","date_gmt":"2023-07-19T06:05:11","guid":{"rendered":"https:\/\/recreen.com\/?post_type=product&#038;p=1678"},"modified":"2024-09-30T18:48:04","modified_gmt":"2024-10-01T02:48:04","slug":"hybrid-inverters","status":"publish","type":"product","link":"https:\/\/recreen.com\/es\/products\/hybrid-inverters\/","title":{"rendered":"US 5KW 6KW 8KW 10KW Inversor H\u00edbrido Splite Fase 48V Bater\u00eda"},"content":{"rendered":"<div class=\"elementor-element elementor-element-00e1fe8 eael-dual-header-content-align-left elementor-widget elementor-widget-eael-dual-color-header\" data-id=\"00e1fe8\" data-element_type=\"widget\" data-widget_type=\"eael-dual-color-header.default\">\n<div class=\"elementor-widget-container\">\n<div class=\"eael-dual-header\">\n<div class=\"elementor-element elementor-element-c76a9f4 elementor-widget elementor-widget-woocommerce-product-content\" data-id=\"c76a9f4\" data-element_type=\"widget\" data-widget_type=\"woocommerce-product-content.default\">\n<div class=\"elementor-widget-container\">\n<p><strong>Flexible\u00a0 \u00a0<\/strong><\/p>\n<p>* Amplio rango de tensi\u00f3n de entrada<br \/>\n* Compatible con bater\u00edas de plomo-\u00e1cido o de iones de litio u otras bater\u00edas<\/p>\n<p><b>Grace<\/b><br \/>\n*Fashion apperance,light weight, smart operation<br \/>\n*Enfriamiento natural, poco ruido<br \/>\n*IP65, dise\u00f1o para montaje en pared, ahorro de espacio<br \/>\n*Pantalla t\u00e1ctil LCD<\/p>\n<p><b>Fiable<\/b><br \/>\n*Funci\u00f3n anti contraflujo compatible<br \/>\n*Protecci\u00f3n contra conexi\u00f3n inversa de la bater\u00eda<\/p>\n<p><b>Avanzado<\/b><br \/>\n*Sistema inteligente de gesti\u00f3n de la energ\u00eda para el hogar<br \/>\n*Planificaci\u00f3n energ\u00e9tica y gesti\u00f3n de la demanda<br \/>\n*Gesti\u00f3n de centrales el\u00e9ctricas virtuales distribuidas<\/p>\n<\/div>\n<\/div>\n<div class=\"elementor-element elementor-element-8741538 eael-dual-header-content-align-left elementor-widget elementor-widget-eael-dual-color-header\" data-id=\"8741538\" data-element_type=\"widget\" data-widget_type=\"eael-dual-color-header.default\">\n<div class=\"elementor-widget-container\">\n<div class=\"eael-dual-header\">\n<div class=\"elementor-element elementor-element-8741538 eael-dual-header-content-align-left elementor-widget elementor-widget-eael-dual-color-header\" data-id=\"8741538\" data-element_type=\"widget\" data-widget_type=\"eael-dual-color-header.default\">\n<div class=\"elementor-widget-container\">\n<div class=\"eael-dual-header\">\n<h2 class=\"title\"><span class=\"lead solid-color\">Producto<\/span>\u00a0Especificaciones<\/h2>\n<\/div>\n<\/div>\n<\/div>\n<div class=\"elementor-element elementor-element-521ef65 elementor-widget elementor-widget-woocommerce-product-short-description\" data-id=\"521ef65\" data-element_type=\"widget\" data-widget_type=\"woocommerce-product-short-description.default\">\n<div class=\"elementor-widget-container\">\n<div class=\"woocommerce-product-details__short-description\">\n<table width=\"581\">\n<tbody>\n<tr>\n<td>Modelo<\/td>\n<td>R5KLNA<\/td>\n<td>R6KLNA<\/td>\n<td>R7K6LNA<\/td>\n<td>R8KLNA<\/td>\n<\/tr>\n<tr>\n<td colspan=\"5\"><strong>Salida de CA a la red<\/strong><\/td>\n<\/tr>\n<tr>\n<td>Potencia de salida de CA<\/td>\n<td>5KVA<\/td>\n<td>6KVA<\/td>\n<td>7,6 KVA<\/td>\n<td>8KVA<\/td>\n<\/tr>\n<tr>\n<td>Tensi\u00f3n de salida de CA<\/td>\n<td colspan=\"4\">120\/240Vac(fase dividida),208Vac( 2\/3 fases),230Vac(monof\u00e1sica)<\/td>\n<\/tr>\n<tr>\n<td>AC Out puso Frenquecny<\/td>\n<td colspan=\"4\">50\/60 Hz<\/td>\n<\/tr>\n<tr>\n<td>Tipo de rejilla<\/td>\n<td colspan=\"4\">Fase dividida,2\/3 fases,Monof\u00e1sico<\/td>\n<\/tr>\n<tr>\n<td>Corriente m\u00e1xima de salida<\/td>\n<td>24A<\/td>\n<td>28.8A<\/td>\n<td>36.5A<\/td>\n<td>38.3A<\/td>\n<\/tr>\n<tr>\n<td>Carga inversa de CA<\/td>\n<td colspan=\"4\">S\u00ed<\/td>\n<\/tr>\n<tr>\n<td>PF<\/td>\n<td colspan=\"4\">0.8l\u00edder...0.8rezagado<\/td>\n<\/tr>\n<tr>\n<td>Salida THDI<\/td>\n<td colspan=\"4\">\uff1c2%<\/td>\n<\/tr>\n<tr>\n<td colspan=\"5\"><strong>Salida de CA de reserva<\/strong><\/td>\n<\/tr>\n<tr>\n<td>Potencia nominal de salida de reserva<\/td>\n<td>5KVA<\/td>\n<td>6KVA<\/td>\n<td>7,6 KVA<\/td>\n<td>8KVA<\/td>\n<\/tr>\n<tr>\n<td>Tensi\u00f3n de salida trasera m\u00e1xima<\/td>\n<td>6,25KVA 60S. 7,5KVA 1S<\/td>\n<td>7,5KVA 60S. 9KVA 1S<\/td>\n<td>9,5KVA 60S. 11,4KVA 1S<\/td>\n<td>10KVA 60S. 12KVA 1S<\/td>\n<\/tr>\n<tr>\n<td>Salida de CA de reserva Tensi\u00f3n<\/td>\n<td colspan=\"4\">120\/240Vac(fase dividida),208Vac( 2\/3 fases),230Vac(monof\u00e1sica)<\/td>\n<\/tr>\n<tr>\n<td>AC Frenquency<\/td>\n<td colspan=\"4\">50\/60 Hz<\/td>\n<\/tr>\n<tr>\n<td>Salida THDI<\/td>\n<td colspan=\"4\">\uff1c2%<\/td>\n<\/tr>\n<tr>\n<td colspan=\"5\"><strong>Entrada FV<\/strong><\/td>\n<\/tr>\n<tr>\n<td>Potencia de entrada FV<\/td>\n<td>7,5 kW<\/td>\n<td>9kw<\/td>\n<td>12kw<\/td>\n<td>12kw<\/td>\n<\/tr>\n<tr>\n<td>N\u00famero MPPT<\/td>\n<td colspan=\"4\">4<\/td>\n<\/tr>\n<tr>\n<td>Rango de tensi\u00f3n FV<\/td>\n<td colspan=\"4\">350V\/85V-500V<\/td>\n<\/tr>\n<tr>\n<td>Rango de tensi\u00f3n MPPT<\/td>\n<td colspan=\"4\">120V-500V<\/td>\n<\/tr>\n<tr>\n<td>Corriente de entrada MPPT \u00fanica<\/td>\n<td>12A<\/td>\n<td>12A<\/td>\n<td>12A<\/td>\n<td>12A<\/td>\n<\/tr>\n<tr>\n<td colspan=\"5\"><strong>Bater\u00eda<\/strong><\/td>\n<\/tr>\n<tr>\n<td>Corriente m\u00e1xima de carga\/descarga<\/td>\n<td>120A\/120A<\/td>\n<td>135A\/135A<\/td>\n<td>190A\/190A<\/td>\n<td>190A\/190A<\/td>\n<\/tr>\n<tr>\n<td>Rango de tensi\u00f3n de la bater\u00eda<\/td>\n<td>48V<\/td>\n<td>48V<\/td>\n<td>48V<\/td>\n<td>48V<\/td>\n<\/tr>\n<tr>\n<td>Tipo de bater\u00eda<\/td>\n<td colspan=\"4\">I\u00f3n-litio, Plomo-\u00e1cido<\/td>\n<\/tr>\n<tr>\n<td colspan=\"5\"><strong>Protecci\u00f3n<\/strong><\/td>\n<\/tr>\n<tr>\n<td>Protecci\u00f3n del suelo<\/td>\n<td colspan=\"4\">S\u00ed<\/td>\n<\/tr>\n<tr>\n<td>Protecci\u00f3n AFCI<\/td>\n<td colspan=\"4\">S\u00ed<\/td>\n<\/tr>\n<tr>\n<td>protecci\u00f3n en isla<\/td>\n<td colspan=\"4\">S\u00ed<\/td>\n<\/tr>\n<tr>\n<td>Detecci\u00f3n de desconexi\u00f3n de CC<\/td>\n<td colspan=\"4\">S\u00ed<\/td>\n<\/tr>\n<tr>\n<td>Protecci\u00f3n contra inversi\u00f3n de la bater\u00eda<\/td>\n<td colspan=\"4\">S\u00ed<\/td>\n<\/tr>\n<tr>\n<td>Protecci\u00f3n contra inversi\u00f3n de la bater\u00eda<\/td>\n<td colspan=\"4\">S\u00ed<\/td>\n<\/tr>\n<tr>\n<td>Protecci\u00f3n de carga y descarga de la bater\u00eda<\/td>\n<td colspan=\"4\">S\u00ed<\/td>\n<\/tr>\n<tr>\n<td>pruebas de aislamiento<\/td>\n<td colspan=\"4\">S\u00ed<\/td>\n<\/tr>\n<tr>\n<td>GFCI<\/td>\n<td colspan=\"4\">S\u00ed<\/td>\n<\/tr>\n<tr>\n<td>DC antitrueno<\/td>\n<td colspan=\"4\">S\u00ed<\/td>\n<\/tr>\n<tr>\n<td>AC antitrueno<\/td>\n<td colspan=\"4\">S\u00ed<\/td>\n<\/tr>\n<\/tbody>\n<\/table>\n<\/div>\n<\/div>\n<\/div>\n<\/div>\n<\/div>\n<\/div>\n<\/div>\n<\/div>\n<\/div>","protected":false},"excerpt":{"rendered":"<p>Inversor h\u00edbrido de bajo voltaje. Ideal para el almacenamiento de energ\u00eda dom\u00e9stica en Norteam\u00e9rica, satisface una demanda de potencia de hasta 10KW. Admite 6 dispositivos en paralelo con una pantalla inteligente para facilitar el funcionamiento y el mantenimiento. Experimente la comodidad y la fiabilidad con nuestra avanzada tecnolog\u00eda.<\/p>\n<h2><strong>Caracter\u00edsticas:<\/strong><\/h2>\n<ul>\n<li>Inversor monof\u00e1sico de 48 V<\/li>\n<li>Capacidad de salida de potencia:5KW\/6KW\/8KW\/10KW<\/li>\n<li>Tensi\u00f3n de salida:110V\/220V<\/li>\n<li>Certificaci\u00f3n:UL1741SA todas las opciones, UL1699B, CSA 22.2<\/li>\n<\/ul>","protected":false},"featured_media":1687,"template":"","meta":{"_acf_changed":false,"_seopress_robots_primary_cat":"none","_seopress_titles_title":"","_seopress_titles_desc":"","_seopress_robots_index":""},"product_brand":[],"product_cat":[50,38],"product_tag":[],"class_list":{"0":"post-1678","1":"product","2":"type-product","3":"status-publish","4":"has-post-thumbnail","6":"product_cat-hybrid-inverter","7":"product_cat-inverter","9":"first","10":"instock","11":"shipping-taxable","12":"product-type-simple"},"acf":[],"_links":{"self":[{"href":"https:\/\/recreen.com\/es\/wp-json\/wp\/v2\/product\/1678"}],"collection":[{"href":"https:\/\/recreen.com\/es\/wp-json\/wp\/v2\/product"}],"about":[{"href":"https:\/\/recreen.com\/es\/wp-json\/wp\/v2\/types\/product"}],"wp:featuredmedia":[{"embeddable":true,"href":"https:\/\/recreen.com\/es\/wp-json\/wp\/v2\/media\/1687"}],"wp:attachment":[{"href":"https:\/\/recreen.com\/es\/wp-json\/wp\/v2\/media?parent=1678"}],"wp:term":[{"taxonomy":"product_brand","embeddable":true,"href":"https:\/\/recreen.com\/es\/wp-json\/wp\/v2\/product_brand?post=1678"},{"taxonomy":"product_cat","embeddable":true,"href":"https:\/\/recreen.com\/es\/wp-json\/wp\/v2\/product_cat?post=1678"},{"taxonomy":"product_tag","embeddable":true,"href":"https:\/\/recreen.com\/es\/wp-json\/wp\/v2\/product_tag?post=1678"}],"curies":[{"name":"wp","href":"https:\/\/api.w.org\/{rel}","templated":true}]}}