{"id":1652,"date":"2023-07-18T18:12:23","date_gmt":"2023-07-19T02:12:23","guid":{"rendered":"https:\/\/recreen.com\/?post_type=product&#038;p=1652"},"modified":"2024-09-30T10:08:40","modified_gmt":"2024-09-30T18:08:40","slug":"3-3kw-solar-off-grid-inverter","status":"publish","type":"product","link":"https:\/\/recreen.com\/es\/products\/3-3kw-solar-off-grid-inverter\/","title":{"rendered":"Inversor solar aislado de 1,5 kW\/2 kW\/2,4 kW\/3,2 kW"},"content":{"rendered":"<ul>\n<li>Inversor solar de onda sinusoidal pura<\/li>\n<li>Factor de potencia de salida 1,0<\/li>\n<li>Wifi y GPRS disponibles para IOS y android<\/li>\n<li>Cargador solar incorporado de 80 AMPPT<\/li>\n<li>Alto rango de tensi\u00f3n de entrada FV (90~450VDC)<\/li>\n<li>Kit antideslumbramiento integrado para entornos dif\u00edciles<\/li>\n<li>Dise\u00f1o inteligente de carga de la bater\u00eda para optimizar su duraci\u00f3n<\/li>\n<li>satisfacer las necesidades de personalizaci\u00f3n de los clientes<\/li>\n<li>Compatible con bater\u00eda de litio<\/li>\n<li>La energ\u00eda solar se suministra primero directamente a la carga<\/li>\n<\/ul>\n<div class=\"elementor-element elementor-element-8741538 eael-dual-header-content-align-left elementor-widget elementor-widget-eael-dual-color-header\" data-id=\"8741538\" data-element_type=\"widget\" data-widget_type=\"eael-dual-color-header.default\">\n<div class=\"elementor-widget-container\">\n<div class=\"eael-dual-header\">\n<h2 class=\"title\"><span class=\"lead solid-color\">Producto<\/span>\u00a0Especificaciones<\/h2>\n<\/div>\n<\/div>\n<\/div>\n<div class=\"elementor-element elementor-element-521ef65 elementor-widget elementor-widget-woocommerce-product-short-description\" data-id=\"521ef65\" data-element_type=\"widget\" data-widget_type=\"woocommerce-product-short-description.default\">\n<div class=\"elementor-widget-container\">\n<div class=\"woocommerce-product-details__short-description\">\n<table width=\"853\">\n<tbody>\n<tr>\n<td><strong>Modelo\u00a0<\/strong><\/td>\n<td><strong>\u00a0NM2000-12V<\/strong><\/td>\n<td><strong>NM 3200-24V<\/strong><\/td>\n<\/tr>\n<tr>\n<td>POTENCIA NOMINAL<\/td>\n<td>2000VAC\/1600W<\/td>\n<td>3200VA\/3000W<\/td>\n<\/tr>\n<tr>\n<td colspan=\"3\"><strong>AC Inpiut<\/strong><\/td>\n<\/tr>\n<tr>\n<td>Tensi\u00f3n<\/td>\n<td colspan=\"2\">230VAC<\/td>\n<\/tr>\n<tr>\n<td rowspan=\"2\">\u00a0Rango de tensi\u00f3n seleccionable<\/td>\n<td colspan=\"2\">170~280VAC (para ordenadores personales)<\/td>\n<\/tr>\n<tr>\n<td colspan=\"2\">90~280VAC(Para electrodom\u00e9sticos)<\/td>\n<\/tr>\n<tr>\n<td>Gama de frecuencias<\/td>\n<td colspan=\"2\">50 Hz\/60 Hz (detecci\u00f3n autom\u00e1tica)<\/td>\n<\/tr>\n<tr>\n<td>Regulaci\u00f3n de la tensi\u00f3n de CA<\/td>\n<td colspan=\"2\">230VAC\u00b15%<\/td>\n<\/tr>\n<tr>\n<td>Sobretensi\u00f3n<\/td>\n<td>4000VA<\/td>\n<td>6400VA<\/td>\n<\/tr>\n<tr>\n<td>Eficiencia(Pico)FV a INV<\/td>\n<td colspan=\"2\">98%<\/td>\n<\/tr>\n<tr>\n<td>Eficiencia (pico)Bater\u00eda a INV<\/td>\n<td colspan=\"2\">94%<\/td>\n<\/tr>\n<tr>\n<td>Tiempo de transferencia<\/td>\n<td colspan=\"2\">10 ms (para ordenadores personales);20 ms (para electrodom\u00e9sticos)<\/td>\n<\/tr>\n<tr>\n<td><strong>BATER\u00cdA Y CARGADOR DE CA\u00a0<\/strong><\/td>\n<td colspan=\"2\"><\/td>\n<\/tr>\n<tr>\n<td>Tensi\u00f3n de la bater\u00eda<\/td>\n<td>12VDC<\/td>\n<td>24VDC<\/td>\n<\/tr>\n<tr>\n<td>Voltaje de carga flotante<\/td>\n<td>13,5 VCC<\/td>\n<td>27VDC<\/td>\n<\/tr>\n<tr>\n<td>Protecci\u00f3n contra sobrecarga<\/td>\n<td>16VDC<\/td>\n<td>33VDC<\/td>\n<\/tr>\n<\/tbody>\n<\/table>\n<\/div>\n<\/div>\n<\/div>\n<p>&nbsp;<\/p>\n<p>&nbsp;<\/p>","protected":false},"excerpt":{"rendered":"<p>Nuestro inversor\/cargador multifunci\u00f3n port\u00e1til integra un inversor, un cargador solar y un cargador de bater\u00eda en un solo dispositivo compacto. Ofrece soporte de alimentaci\u00f3n ininterrumpida y f\u00e1cil configuraci\u00f3n a trav\u00e9s de su pantalla LCD. Los usuarios pueden ajustar par\u00e1metros como la corriente de carga de la bater\u00eda, la prioridad del cargador CA\/solar y la tensi\u00f3n de entrada en funci\u00f3n de los requisitos espec\u00edficos de la aplicaci\u00f3n.<\/p>\n<h2><strong>Caracter\u00edsticas:<\/strong><\/h2>\n<ul>\n<li>Inversor de conexi\u00f3n a red de onda senoidal pura MPPT<\/li>\n<li>Con 80A MPPT Solar Controlador de carga incorporado<\/li>\n<li>Con el bot\u00f3n t\u00e1ctil de la pantalla LCD<\/li>\n<li>Con funci\u00f3n WIFI opcional<\/li>\n<\/ul>","protected":false},"featured_media":1655,"template":"","meta":{"_acf_changed":false,"_seopress_robots_primary_cat":"none","_seopress_titles_title":"","_seopress_titles_desc":"","_seopress_robots_index":""},"product_brand":[],"product_cat":[38,49],"product_tag":[],"class_list":{"0":"post-1652","1":"product","2":"type-product","3":"status-publish","4":"has-post-thumbnail","6":"product_cat-inverter","7":"product_cat-off-grid-inverter","9":"first","10":"instock","11":"shipping-taxable","12":"product-type-simple"},"acf":[],"_links":{"self":[{"href":"https:\/\/recreen.com\/es\/wp-json\/wp\/v2\/product\/1652"}],"collection":[{"href":"https:\/\/recreen.com\/es\/wp-json\/wp\/v2\/product"}],"about":[{"href":"https:\/\/recreen.com\/es\/wp-json\/wp\/v2\/types\/product"}],"wp:featuredmedia":[{"embeddable":true,"href":"https:\/\/recreen.com\/es\/wp-json\/wp\/v2\/media\/1655"}],"wp:attachment":[{"href":"https:\/\/recreen.com\/es\/wp-json\/wp\/v2\/media?parent=1652"}],"wp:term":[{"taxonomy":"product_brand","embeddable":true,"href":"https:\/\/recreen.com\/es\/wp-json\/wp\/v2\/product_brand?post=1652"},{"taxonomy":"product_cat","embeddable":true,"href":"https:\/\/recreen.com\/es\/wp-json\/wp\/v2\/product_cat?post=1652"},{"taxonomy":"product_tag","embeddable":true,"href":"https:\/\/recreen.com\/es\/wp-json\/wp\/v2\/product_tag?post=1652"}],"curies":[{"name":"wp","href":"https:\/\/api.w.org\/{rel}","templated":true}]}}