{"id":1572,"date":"2023-07-18T01:30:25","date_gmt":"2023-07-18T09:30:25","guid":{"rendered":"https:\/\/recreen.com\/?post_type=product&#038;p=1572"},"modified":"2024-09-30T01:24:34","modified_gmt":"2024-09-30T09:24:34","slug":"high-voltage-residential-battery","status":"publish","type":"product","link":"https:\/\/recreen.com\/es\/products\/high-voltage-residential-battery\/","title":{"rendered":"5KWH 10KWH 15KWH 20KWH High Voltage Stackable lifepo4 Lithium Battery Energy Storage With Inverters"},"content":{"rendered":"<p>El m\u00f3dulo de bater\u00eda apilable de fosfato de hierro y litio (LFP) de Recreen Energy est\u00e1 hecho a medida para aplicaciones residenciales peque\u00f1as y medianas. Cada m\u00f3dulo incorpora un sistema inteligente de gesti\u00f3n de bater\u00edas (BMS) que garantiza una protecci\u00f3n completa contra sobretensi\u00f3n, subtensi\u00f3n, sobrecorriente, cortocircuito y temperaturas extremas. El dise\u00f1o de seguridad multicapa del producto, que abarca el material, la c\u00e9lula, la estructura y las medidas de aerosol contra incendios, mejora a\u00fan m\u00e1s sus prestaciones de seguridad. Con una identificaci\u00f3n elegante y un dise\u00f1o estructural inteligente, la instalaci\u00f3n es muy sencilla, mientras que su capacidad de ampliaci\u00f3n flexible permite personalizarlo para adaptarlo a sus necesidades. El m\u00f3dulo de bater\u00eda de Voltgo garantiza tranquilidad y fiabilidad para sus necesidades energ\u00e9ticas dom\u00e9sticas.<\/p>\n<ul>\n<li class=\"heading h3\"><strong>F\u00e1cil instalaci\u00f3n<\/strong>: Montaje apilable tipo Lego y dise\u00f1o de bloqueo r\u00e1pido entre m\u00f3dulos, instalaci\u00f3n f\u00e1cil y eficaz.<\/li>\n<li><strong>Ampliaci\u00f3n del sistema<\/strong>: The battery modules can be flexibly configured according to actual needs. The system supports up to 6 modules in series (5KWH-20kWh), and a combiner is need when the system current exceeds 100A.<\/li>\n<li><strong>Seguimiento y control en tiempo real<\/strong>:Supervisi\u00f3n del estado de funcionamiento de la bater\u00eda (tensi\u00f3n, temperatura actual, SOC, etc.) en tiempo real.<\/li>\n<li><strong>Equilibrado inteligente<\/strong>El circuito de equilibrio incorporado se disparar\u00e1 autom\u00e1ticamente cuando se alcancen las condiciones establecidas, lo que mejorar\u00e1 la consistencia de la bater\u00eda y prolongar\u00e1 su vida \u00fatil.<\/li>\n<li><strong>Amplias aplicaciones:<\/strong>Puede utilizarse ampliamente en estaciones de carga, edificios, f\u00e1bricas y otros escenarios para realizar las funciones de ahorro de picos, respaldo de energ\u00eda de emergencia y almacenamiento de energ\u00eda fotovoltaica de sistemas d\u00e9biles.<\/li>\n<li><strong>C\u00e9lula de bater\u00eda de alto rendimiento: <\/strong>este sistema de almacenamiento de energ\u00eda de bater\u00eda lfp de alto voltaje adopta una bater\u00eda de almacenamiento de energ\u00eda LFP de alto rendimiento que est\u00e1 equipada con un sistema de gesti\u00f3n de bater\u00eda independiente de pytes que puede garantizar eficazmente la seguridad de la bater\u00eda, con una vida \u00fatil de m\u00e1s de 6.000 ciclos y una eficiencia de ciclo de hasta 95%.<\/li>\n<\/ul>","protected":false},"excerpt":{"rendered":"<p>Este elegante acumulador de energ\u00eda de alto voltaje es el modelo m\u00e1s vendido de la serie ultrafina de Recreen Energy. El cuerpo delgado de Powerwall ahorra espacio en interiores y armoniza con los electrodom\u00e9sticos. Su amplio rango de tensi\u00f3n 102,4V-614,4V se adapta a los inversores trif\u00e1sicos de alto voltaje, optimizando la eficiencia. Su exquisito dise\u00f1o mejora la est\u00e9tica y la funcionalidad para una integraci\u00f3n perfecta.<\/p>\n<p><strong>Caracter\u00edstica:<\/strong><\/p>\n<ul>\n<li><strong>Capacity: 5KWH~40KWH<\/strong><\/li>\n<li><strong>Funci\u00f3n de autocalentamiento<\/strong>:Inicio autom\u00e1tico de la calefacci\u00f3n en entornos fr\u00edos para garantizar un uso normal y la duraci\u00f3n de la bater\u00eda<\/li>\n<li><strong>Dise\u00f1o de seguridad de c\u00e9lulas y sistemas LFP:<\/strong>Dise\u00f1o de seguridad multinivel (dise\u00f1o de seguridad de materiales, c\u00e9lulas, soportes y sistemas).<\/li>\n<li><strong>Sin mantenimiento:<\/strong>15 a\u00f1os de vida \u00fatil y 6000 ciclos (0,5C, 80% DOD@25\u2103), sin mantenimiento durante toda la vida \u00fatil, y un amplio rango de temperaturas de funcionamiento.<\/li>\n<li><strong>Bater\u00eda de iones de litio a medida<\/strong> es bienvenida<\/li>\n<\/ul>\n<p>&nbsp;<\/p>","protected":false},"featured_media":2787,"template":"","meta":{"_acf_changed":false,"_seopress_robots_primary_cat":"none","_seopress_titles_title":"5kwh 10kwh 15kwh 20kwh residential high voltage lithium battery inverters","_seopress_titles_desc":"lithium batteries,high voltage lithium batteries,5kwh high voltage lithium batteries,10kwh high voltage lithium batteries,15kwh high voltage lithium batteries,20kwh high voltage lithium batteries,high voltage lithium batteries inverters","_seopress_robots_index":""},"product_brand":[],"product_cat":[44,42],"product_tag":[],"class_list":{"0":"post-1572","1":"product","2":"type-product","3":"status-publish","4":"has-post-thumbnail","6":"product_cat-high-voltage-energy-storage","7":"product_cat-residential-energy-storage","9":"first","10":"instock","11":"shipping-taxable","12":"product-type-simple"},"acf":[],"_links":{"self":[{"href":"https:\/\/recreen.com\/es\/wp-json\/wp\/v2\/product\/1572"}],"collection":[{"href":"https:\/\/recreen.com\/es\/wp-json\/wp\/v2\/product"}],"about":[{"href":"https:\/\/recreen.com\/es\/wp-json\/wp\/v2\/types\/product"}],"wp:featuredmedia":[{"embeddable":true,"href":"https:\/\/recreen.com\/es\/wp-json\/wp\/v2\/media\/2787"}],"wp:attachment":[{"href":"https:\/\/recreen.com\/es\/wp-json\/wp\/v2\/media?parent=1572"}],"wp:term":[{"taxonomy":"product_brand","embeddable":true,"href":"https:\/\/recreen.com\/es\/wp-json\/wp\/v2\/product_brand?post=1572"},{"taxonomy":"product_cat","embeddable":true,"href":"https:\/\/recreen.com\/es\/wp-json\/wp\/v2\/product_cat?post=1572"},{"taxonomy":"product_tag","embeddable":true,"href":"https:\/\/recreen.com\/es\/wp-json\/wp\/v2\/product_tag?post=1572"}],"curies":[{"name":"wp","href":"https:\/\/api.w.org\/{rel}","templated":true}]}}