{"id":1536,"date":"2023-07-17T19:17:12","date_gmt":"2023-07-18T03:17:12","guid":{"rendered":"https:\/\/recreen.com\/?post_type=product&#038;p=1536"},"modified":"2024-09-28T19:28:47","modified_gmt":"2024-09-29T03:28:47","slug":"5-12kwh-powerwall-lifepo4-battery","status":"publish","type":"product","link":"https:\/\/recreen.com\/es\/products\/5-12kwh-powerwall-lifepo4-battery\/","title":{"rendered":"5.12KWH Powerwall Lithium Battery"},"content":{"rendered":"<p>Las bater\u00edas solares de pared son un componente esencial de cualquier sistema fotovoltaico, ya que permiten aprovechar al m\u00e1ximo la valiosa energ\u00eda solar. Nuestros clientes eligen f\u00e1cilmente el almacenamiento de energ\u00eda solar cuando compran un sistema fotovoltaico o adaptan su instalaci\u00f3n actual para aprovechar al m\u00e1ximo su inversi\u00f3n en energ\u00eda solar.<\/p>\n<p>La facilidad de instalaci\u00f3n y el dise\u00f1o minimalista de Powerwall complementan varios estilos de viviendas y sistemas solares. La compacta bater\u00eda LiFePO4 ofrece vers\u00e1tiles opciones de montaje en interiores o exteriores para una integraci\u00f3n perfecta.<\/p>\n<ul>\n<li><strong>[Dise\u00f1o de seguridad de c\u00e9lulas y sistemas LFP]<\/strong> Dise\u00f1o de seguridad multinivel (dise\u00f1o de seguridad de materiales, c\u00e9lulas, soportes y sistemas).<\/li>\n<li><strong>[Equilibrio inteligente]<\/strong> El circuito de equilibrio incorporado se disparar\u00e1 autom\u00e1ticamente cuando alcance las condiciones establecidas, lo que mejorar\u00e1 la consistencia de la bater\u00eda y prolongar\u00e1 su vida \u00fatil.<\/li>\n<li><strong>[Intelligent BMS]<\/strong> El sistema de gesti\u00f3n de la bater\u00eda (BMS) proporciona protecci\u00f3n contra cortocircuitos, sobretensi\u00f3n, baja tensi\u00f3n, sobretemperatura y baja temperatura.<\/li>\n<li class=\"title\"><strong>[Supervisi\u00f3n y control en tiempo real]<\/strong>\u00a0Supervisi\u00f3n del estado de la bater\u00eda (tensi\u00f3n, temperatura actual, SOC, etc.) en tiempo real.<\/li>\n<\/ul>\n<p><img fetchpriority=\"high\" decoding=\"async\" class=\"size-full wp-image-1564\" src=\"https:\/\/recreen.com\/wp-content\/uploads\/2023\/07\/battery-connect-inverter.jpg\" alt=\"energy storage 51.2v 100ah 5.12kwh powerwall lifepo4 battery\" width=\"1200\" height=\"837\" srcset=\"https:\/\/recreen.com\/wp-content\/uploads\/2023\/07\/battery-connect-inverter.jpg 1200w, https:\/\/recreen.com\/wp-content\/uploads\/2023\/07\/battery-connect-inverter-300x209.jpg 300w, https:\/\/recreen.com\/wp-content\/uploads\/2023\/07\/battery-connect-inverter-1024x714.jpg 1024w, https:\/\/recreen.com\/wp-content\/uploads\/2023\/07\/battery-connect-inverter-768x536.jpg 768w, https:\/\/recreen.com\/wp-content\/uploads\/2023\/07\/battery-connect-inverter-18x12.jpg 18w, https:\/\/recreen.com\/wp-content\/uploads\/2023\/07\/battery-connect-inverter-600x419.jpg 600w\" sizes=\"(max-width: 1200px) 100vw, 1200px\" \/><\/p>\n<p>&nbsp;<\/p>\n<div class=\"mceTemp\"><\/div>\n<p>&nbsp;<\/p>\n<p>&nbsp;<\/p>","protected":false},"excerpt":{"rendered":"<p>Powerwall: el almacenamiento de energ\u00eda de reserva con bater\u00eda solar todo en uno para su hogar. Detecta los cortes, se carga con la luz solar y mantiene la energ\u00eda durante los d\u00edas en que la red no funciona. Protecci\u00f3n fiable, tranquilidad, energ\u00eda sostenible. Simplifique su vida con Powerwall.<\/p>\n<p><strong>Caracter\u00edstica:<\/strong><\/p>\n<ul>\n<li>Autocalentamiento: Inicio autom\u00e1tico de la calefacci\u00f3n en entornos fr\u00edos para garantizar el uso normal y la duraci\u00f3n de la bater\u00eda.<\/li>\n<li>Alto rendimiento: Carga\/descarga m\u00e1xima de 100 A (2 ciclos)<\/li>\n<li>Actualizaci\u00f3n remota: un stick de adquisici\u00f3n de datos opcional permite actualizar el firmware a distancia.<\/li>\n<li>Larga duraci\u00f3n y eficiencia: \u22656000 ciclos @90%DOD, ret@80%, 25\u2103<\/li>\n<li>5 years warranty, Up to 10 years design life<\/li>\n<li>Bater\u00eda de iones de litio a medida<\/li>\n<\/ul>\n<p>&nbsp;<\/p>","protected":false},"featured_media":2732,"template":"","meta":{"_acf_changed":false,"_seopress_robots_primary_cat":"none","_seopress_titles_title":"5.12kwh powerwall lithium battery factory bulk wholesale","_seopress_titles_desc":"lithium batteries,5.12kwh lithium batteries,powerwall lithium batteries,5.12kwh powerwall lithium batteries,5.12kwh powerwall lithium batteries factory","_seopress_robots_index":""},"product_brand":[],"product_cat":[43,42],"product_tag":[],"class_list":{"0":"post-1536","1":"product","2":"type-product","3":"status-publish","4":"has-post-thumbnail","6":"product_cat-low-voltage-lfp-residential-battery","7":"product_cat-residential-energy-storage","9":"first","10":"instock","11":"shipping-taxable","12":"product-type-simple"},"acf":[],"_links":{"self":[{"href":"https:\/\/recreen.com\/es\/wp-json\/wp\/v2\/product\/1536"}],"collection":[{"href":"https:\/\/recreen.com\/es\/wp-json\/wp\/v2\/product"}],"about":[{"href":"https:\/\/recreen.com\/es\/wp-json\/wp\/v2\/types\/product"}],"wp:featuredmedia":[{"embeddable":true,"href":"https:\/\/recreen.com\/es\/wp-json\/wp\/v2\/media\/2732"}],"wp:attachment":[{"href":"https:\/\/recreen.com\/es\/wp-json\/wp\/v2\/media?parent=1536"}],"wp:term":[{"taxonomy":"product_brand","embeddable":true,"href":"https:\/\/recreen.com\/es\/wp-json\/wp\/v2\/product_brand?post=1536"},{"taxonomy":"product_cat","embeddable":true,"href":"https:\/\/recreen.com\/es\/wp-json\/wp\/v2\/product_cat?post=1536"},{"taxonomy":"product_tag","embeddable":true,"href":"https:\/\/recreen.com\/es\/wp-json\/wp\/v2\/product_tag?post=1536"}],"curies":[{"name":"wp","href":"https:\/\/api.w.org\/{rel}","templated":true}]}}