{"id":1436,"date":"2023-07-17T02:20:53","date_gmt":"2023-07-17T10:20:53","guid":{"rendered":"https:\/\/recreen.com\/?post_type=product&#038;p=1436"},"modified":"2023-07-17T18:58:16","modified_gmt":"2023-07-18T02:58:16","slug":"ups-backup-battery","status":"publish","type":"product","link":"https:\/\/recreen.com\/es\/products\/ups-backup-battery\/","title":{"rendered":"Bater\u00eda LiFePO4 a medida Soluciones de almacenamiento de energ\u00eda SAI de alto voltaje 100V-600V"},"content":{"rendered":"<p><img fetchpriority=\"high\" decoding=\"async\" class=\"size-full wp-image-1527\" src=\"https:\/\/recreen.com\/wp-content\/uploads\/2023\/07\/data-center-lithium-battery.jpg\" alt=\"customized lifepo4 battery energy storage solutions high volatge ups 100v 600v\" width=\"1200\" height=\"2010\" srcset=\"https:\/\/recreen.com\/wp-content\/uploads\/2023\/07\/data-center-lithium-battery.jpg 1200w, https:\/\/recreen.com\/wp-content\/uploads\/2023\/07\/data-center-lithium-battery-179x300.jpg 179w, https:\/\/recreen.com\/wp-content\/uploads\/2023\/07\/data-center-lithium-battery-611x1024.jpg 611w, https:\/\/recreen.com\/wp-content\/uploads\/2023\/07\/data-center-lithium-battery-768x1286.jpg 768w, https:\/\/recreen.com\/wp-content\/uploads\/2023\/07\/data-center-lithium-battery-917x1536.jpg 917w, https:\/\/recreen.com\/wp-content\/uploads\/2023\/07\/data-center-lithium-battery-600x1005.jpg 600w\" sizes=\"(max-width: 1200px) 100vw, 1200px\" \/><\/p>\n<p>Sylon Solar se especializa en el suministro de soluciones de almacenamiento de energ\u00eda con bater\u00edas LiFePO4 para SAI, garantizando una excelente compatibilidad y una vida \u00fatil segura y prolongada. Nuestro sistema de bater\u00edas presenta una estructura de tres etapas.<\/p>\n<ul>\n<li>A nivel de m\u00f3dulo, la BMU est\u00e1 integrada en el m\u00f3dulo de la bater\u00eda y se encarga de recoger la tensi\u00f3n de las celdas, controlar la temperatura del m\u00f3dulo, ecualizar la bater\u00eda y comunicarse con el sistema de gesti\u00f3n superior.<\/li>\n<li>El sistema de gesti\u00f3n a nivel de armario, CBMS, se encarga de la detecci\u00f3n de la corriente de la bater\u00eda, el an\u00e1lisis de datos y el control de alarmas y protecciones, a la vez que se comunica con los niveles superior e inferior.<\/li>\n<li>Por \u00faltimo, el GBMS de control maestro realiza el an\u00e1lisis de datos, se comunica con los sistemas de nivel inferior e interact\u00faa con el SAI, garantizando una integraci\u00f3n perfecta y un rendimiento \u00f3ptimo para sus necesidades de almacenamiento de energ\u00eda. Cuente con RPT para soluciones de energ\u00eda SAI fiables y eficientes.<\/li>\n<li class=\"title\">El sistema cuenta con un control activo del equilibrio de corriente, lo que permite una integraci\u00f3n perfecta de armarios de bater\u00edas nuevos y antiguos. Ofrece flexibilidad de ampliaci\u00f3n, lo que facilita el aumento de la capacidad de almacenamiento seg\u00fan sea necesario.<\/li>\n<li>Las estables c\u00e9lulas LFP garantizan que no se produzcan incendios durante el desbocamiento t\u00e9rmico. El sistema cuenta con un sistema de extinci\u00f3n de incendios de nivel PACK que responde con rapidez y precisi\u00f3n y evita la propagaci\u00f3n del fuego. Garantiza una soluci\u00f3n segura de almacenamiento de energ\u00eda sin riesgo de proliferaci\u00f3n.<\/li>\n<\/ul>\n<div class=\"mceTemp\"><\/div>\n<p>&nbsp;<\/p>\n<p>&nbsp;<\/p>","protected":false},"excerpt":{"rendered":"<p>\u00bfLos frecuentes apagones y las fuentes de energ\u00eda poco fiables provocan interrupciones y tiempos de inactividad en su empresa? Entendemos los problemas a los que se enfrenta con el almacenamiento de energ\u00eda SAI. Pero no se preocupe, porque tenemos la soluci\u00f3n perfecta para usted. Con nuestra fiable tecnolog\u00eda de bater\u00edas, puede confiar en una transici\u00f3n fluida a la energ\u00eda de reserva sin interrupciones.<\/p>\n<p><strong>Caracter\u00edstica:<\/strong><\/p>\n<ul>\n<li>C\u00e9lula LFP (fosfato de hierro y litio) para garantizar la m\u00e1xima seguridad, mayor densidad energ\u00e9tica, ciclos de vida m\u00e1s largos y un amplio rango de temperaturas.<\/li>\n<li>Utiliza el dise\u00f1o CBMS-BMU, protege la tensi\u00f3n, la corriente y la temperatura en todo el funcionamiento.<\/li>\n<li>Soporta CAN y RS485 comunicarse con UPS o PC.<\/li>\n<li>La pantalla LCD muestra la informaci\u00f3n de la bater\u00eda (opcional).<\/li>\n<li>El dise\u00f1o modular compacto ofrece la m\u00e1xima flexibilidad de capacidad y minimiza el tiempo y los costes de instalaci\u00f3n.<\/li>\n<li>Personalizar el sistema de la bater\u00eda con la l\u00ednea neutra es bienvenida<\/li>\n<\/ul>\n<p>&nbsp;<\/p>","protected":false},"featured_media":1516,"template":"","meta":{"_acf_changed":false,"_seopress_robots_primary_cat":"none","_seopress_titles_title":"","_seopress_titles_desc":"","_seopress_robots_index":""},"product_brand":[],"product_cat":[22],"product_tag":[61],"class_list":{"0":"post-1436","1":"product","2":"type-product","3":"status-publish","4":"has-post-thumbnail","6":"product_cat-uncategorized","7":"product_tag-data-center","9":"first","10":"instock","11":"shipping-taxable","12":"product-type-simple"},"acf":[],"_links":{"self":[{"href":"https:\/\/recreen.com\/es\/wp-json\/wp\/v2\/product\/1436"}],"collection":[{"href":"https:\/\/recreen.com\/es\/wp-json\/wp\/v2\/product"}],"about":[{"href":"https:\/\/recreen.com\/es\/wp-json\/wp\/v2\/types\/product"}],"wp:featuredmedia":[{"embeddable":true,"href":"https:\/\/recreen.com\/es\/wp-json\/wp\/v2\/media\/1516"}],"wp:attachment":[{"href":"https:\/\/recreen.com\/es\/wp-json\/wp\/v2\/media?parent=1436"}],"wp:term":[{"taxonomy":"product_brand","embeddable":true,"href":"https:\/\/recreen.com\/es\/wp-json\/wp\/v2\/product_brand?post=1436"},{"taxonomy":"product_cat","embeddable":true,"href":"https:\/\/recreen.com\/es\/wp-json\/wp\/v2\/product_cat?post=1436"},{"taxonomy":"product_tag","embeddable":true,"href":"https:\/\/recreen.com\/es\/wp-json\/wp\/v2\/product_tag?post=1436"}],"curies":[{"name":"wp","href":"https:\/\/api.w.org\/{rel}","templated":true}]}}