{"id":1430,"date":"2023-07-17T00:33:04","date_gmt":"2023-07-17T08:33:04","guid":{"rendered":"https:\/\/recreen.com\/?post_type=product&#038;p=1430"},"modified":"2023-07-17T18:06:03","modified_gmt":"2023-07-18T02:06:03","slug":"192v-ups-backup-lithium-battery","status":"publish","type":"product","link":"https:\/\/recreen.com\/es\/products\/192v-ups-backup-lithium-battery\/","title":{"rendered":"Bater\u00eda de litio de respaldo del SAI de alto voltaje serie 192V"},"content":{"rendered":"<p>La serie de alto voltaje es un armario de almacenamiento de energ\u00eda con bater\u00edas de litio hierro fosfato, dise\u00f1ado espec\u00edficamente para sistemas SAI de alto voltaje (100 V-600 V). El sistema incluye bastidores de bater\u00edas con BMU inteligentes integradas y una perfecta integraci\u00f3n CBMS. Destaca por su seguridad, ciclo de vida, densidad energ\u00e9tica, carga r\u00e1pida, rango de temperatura y respeto al medio ambiente. La misi\u00f3n de Recreen Energy es ofrecer una fuente de alimentaci\u00f3n segura, estable y fiable para sistemas SAI.<\/p>\n<ul>\n<li class=\"title\">El sistema cuenta con un control activo del equilibrio de corriente, lo que permite una integraci\u00f3n perfecta de armarios de bater\u00edas nuevos y antiguos. Ofrece flexibilidad de ampliaci\u00f3n, lo que facilita el aumento de la capacidad de almacenamiento seg\u00fan sea necesario.<\/li>\n<li>Las estables c\u00e9lulas LFP garantizan que no se produzcan incendios durante el desbocamiento t\u00e9rmico. El sistema cuenta con un sistema de extinci\u00f3n de incendios de nivel PACK que responde con rapidez y precisi\u00f3n y evita la propagaci\u00f3n del fuego. Garantiza una soluci\u00f3n segura de almacenamiento de energ\u00eda sin riesgo de proliferaci\u00f3n.<\/li>\n<li>El sistema BMS garantiza un control inteligente y activo del equilibrio de la tensi\u00f3n; se pueden conectar en paralelo cadenas de bater\u00edas de litio de distinto n\u00famero.<\/li>\n<\/ul>\n<p>&nbsp;<\/p>\n<p>&nbsp;<\/p>","protected":false},"excerpt":{"rendered":"<p>Sylon Solar UPS Backup Battery es una avanzada bater\u00eda de almacenamiento de energ\u00eda para centros de datos medianos y grandes y suministro de energ\u00eda cr\u00edtico. Ofrece una larga vida \u00fatil, un dise\u00f1o compacto y un mantenimiento sencillo. Con funciones de seguridad contra incendios y soporte de expansi\u00f3n flexible, garantiza un suministro de energ\u00eda fiable en todo el mundo.<\/p>\n<p><strong>Caracter\u00edstica:<\/strong><\/p>\n<ul>\n<li>C\u00e9lula LFP (fosfato de hierro y litio) para garantizar la m\u00e1xima seguridad, mayor densidad energ\u00e9tica, ciclos de vida m\u00e1s largos y un amplio rango de temperaturas.<\/li>\n<li>Utiliza el dise\u00f1o CBMS-BMU, protege la tensi\u00f3n, la corriente y la temperatura en todo el funcionamiento.<\/li>\n<li>Soporta CAN y RS485 comunicarse con UPS o PC.<\/li>\n<li>La pantalla LCD muestra la informaci\u00f3n de la bater\u00eda (opcional).<\/li>\n<li>El dise\u00f1o modular compacto ofrece la m\u00e1xima flexibilidad de capacidad y minimiza el tiempo y los costes de instalaci\u00f3n.<\/li>\n<li>Personalizar el sistema de la bater\u00eda con la l\u00ednea neutra es bienvenida<\/li>\n<\/ul>","protected":false},"featured_media":1431,"template":"","meta":{"_acf_changed":false,"_seopress_robots_primary_cat":"none","_seopress_titles_title":"","_seopress_titles_desc":"","_seopress_robots_index":""},"product_brand":[],"product_cat":[22],"product_tag":[61],"class_list":{"0":"post-1430","1":"product","2":"type-product","3":"status-publish","4":"has-post-thumbnail","6":"product_cat-uncategorized","7":"product_tag-data-center","9":"first","10":"instock","11":"shipping-taxable","12":"product-type-simple"},"acf":[],"_links":{"self":[{"href":"https:\/\/recreen.com\/es\/wp-json\/wp\/v2\/product\/1430"}],"collection":[{"href":"https:\/\/recreen.com\/es\/wp-json\/wp\/v2\/product"}],"about":[{"href":"https:\/\/recreen.com\/es\/wp-json\/wp\/v2\/types\/product"}],"wp:featuredmedia":[{"embeddable":true,"href":"https:\/\/recreen.com\/es\/wp-json\/wp\/v2\/media\/1431"}],"wp:attachment":[{"href":"https:\/\/recreen.com\/es\/wp-json\/wp\/v2\/media?parent=1430"}],"wp:term":[{"taxonomy":"product_brand","embeddable":true,"href":"https:\/\/recreen.com\/es\/wp-json\/wp\/v2\/product_brand?post=1430"},{"taxonomy":"product_cat","embeddable":true,"href":"https:\/\/recreen.com\/es\/wp-json\/wp\/v2\/product_cat?post=1430"},{"taxonomy":"product_tag","embeddable":true,"href":"https:\/\/recreen.com\/es\/wp-json\/wp\/v2\/product_tag?post=1430"}],"curies":[{"name":"wp","href":"https:\/\/api.w.org\/{rel}","templated":true}]}}