{"id":1418,"date":"2023-07-16T19:32:32","date_gmt":"2023-07-17T03:32:32","guid":{"rendered":"https:\/\/recreen.com\/?post_type=product&#038;p=1418"},"modified":"2024-09-29T20:58:19","modified_gmt":"2024-09-30T04:58:19","slug":"12v-200ah-lifepo4-lithium-battery","status":"publish","type":"product","link":"https:\/\/recreen.com\/es\/products\/12v-200ah-lifepo4-lithium-battery\/","title":{"rendered":"Bater\u00eda solar de litio de ciclo profundo de 12,8 V y 200 Ah"},"content":{"rendered":"<p>Nuestra vanguardista bater\u00eda de litio de 12,8 V y 200 Ah con . Dise\u00f1ada para redefinir los est\u00e1ndares de rendimiento, esta central el\u00e9ctrica cuenta con una incre\u00edble capacidad para satisfacer todas sus necesidades de energ\u00eda. Ya sea para energ\u00eda de respaldo, aventuras RV, excursiones marinas o aplicaciones fuera de la red, esta bater\u00eda de litio es su soluci\u00f3n definitiva.<\/p>\n<p>Funci\u00f3n opcional: bluetooth, autocalentamiento, pantalla LED...<\/p>\n<p>&nbsp;<\/p>\n<p>&nbsp;<\/p>","protected":false},"excerpt":{"rendered":"<p>Presentamos nuestra bater\u00eda de litio para ocio de 200 Ah: potencia y comodidad sin igual. La bater\u00eda m\u00e1s peque\u00f1a y potente del mercado, con una impresionante capacidad de 2,5 kWh. Con celdas de alta calidad, tecnolog\u00eda BMS integrada y Bluetooth, es fiable y f\u00e1cil de usar.<\/p>\n<p><strong>Caracter\u00edstica:<\/strong><\/p>\n<ul>\n<li>El BMS avanzado que utiliza el controlador de software supervisa de forma inteligente las condiciones de funcionamiento de la bater\u00eda y supervisa su funcionamiento seguro.<\/li>\n<li>Gracias a la funci\u00f3n mejorada de autoequilibrado, puedes combinar bater\u00edas en paralelo o en serie de forma m\u00e1s segura.<\/li>\n<li>Es f\u00e1cil controlar la bater\u00eda de litio por wifi\/bluetooth<\/li>\n<li>Admite conexiones con 4 piezas en serie y 4 piezas en paralelo<\/li>\n<li>Bater\u00edas de litio a medida<\/li>\n<\/ul>","protected":false},"featured_media":2769,"template":"","meta":{"_acf_changed":false,"_seopress_robots_primary_cat":"none","_seopress_titles_title":"12.8v 200ah solar deep cycle lithium battery","_seopress_titles_desc":"lithium batteries,solar lithium batteries,12.8v 200ah lithium batteries,12v 200ah solar lithium batteries,12.8v lead acid replacement lithium batteries","_seopress_robots_index":""},"product_brand":[],"product_cat":[84],"product_tag":[59],"class_list":{"0":"post-1418","1":"product","2":"type-product","3":"status-publish","4":"has-post-thumbnail","6":"product_cat-lead-acid-replacement-lithium-battery","7":"product_tag-rv","9":"first","10":"instock","11":"shipping-taxable","12":"product-type-simple"},"acf":[],"_links":{"self":[{"href":"https:\/\/recreen.com\/es\/wp-json\/wp\/v2\/product\/1418"}],"collection":[{"href":"https:\/\/recreen.com\/es\/wp-json\/wp\/v2\/product"}],"about":[{"href":"https:\/\/recreen.com\/es\/wp-json\/wp\/v2\/types\/product"}],"wp:featuredmedia":[{"embeddable":true,"href":"https:\/\/recreen.com\/es\/wp-json\/wp\/v2\/media\/2769"}],"wp:attachment":[{"href":"https:\/\/recreen.com\/es\/wp-json\/wp\/v2\/media?parent=1418"}],"wp:term":[{"taxonomy":"product_brand","embeddable":true,"href":"https:\/\/recreen.com\/es\/wp-json\/wp\/v2\/product_brand?post=1418"},{"taxonomy":"product_cat","embeddable":true,"href":"https:\/\/recreen.com\/es\/wp-json\/wp\/v2\/product_cat?post=1418"},{"taxonomy":"product_tag","embeddable":true,"href":"https:\/\/recreen.com\/es\/wp-json\/wp\/v2\/product_tag?post=1418"}],"curies":[{"name":"wp","href":"https:\/\/api.w.org\/{rel}","templated":true}]}}