{"id":1412,"date":"2023-07-16T17:13:22","date_gmt":"2023-07-17T01:13:22","guid":{"rendered":"https:\/\/recreen.com\/?post_type=product&#038;p=1412"},"modified":"2024-10-01T02:26:58","modified_gmt":"2024-10-01T10:26:58","slug":"12-8-100ah-lithium-battery","status":"publish","type":"product","link":"https:\/\/recreen.com\/es\/products\/12-8-100ah-lithium-battery\/","title":{"rendered":"12.8V 100Ah Lead Acid Replacement Lithium Solar Battery"},"content":{"rendered":"<ul>\n<li>Introducing the Recreen Energy Smart Lithium Iron Phosphate Battery \u2013 an advanced power solution for your caravan, cabin, or marine needs. Experience enhanced flexibility and auto-balance capabilities, allowing seamless parallel or series connections.<\/li>\n<\/ul>\n<p>&nbsp;<\/p>\n<ul>\n<li>With its integrated smart battery management system (BMS), this 12V 100Ah LiFePO4 battery offers exceptional protection and monitoring during charging and discharging. Enjoy a prolonged cycle life and impressive discharge performance thanks to its state-of-the-art battery cells.<\/li>\n<\/ul>\n<p>&nbsp;<\/p>\n<ul>\n<li>Choose this lightweight, ultra-safe lithium-ion battery for reliable, long-lasting power. Upgrade your energy storage with Sylon Solar\u2019s cutting-edge technology!<\/li>\n<\/ul>\n<p>&nbsp;<\/p>\n<ul>\n<li><strong>The application scenerios of 12.8V 100ah Deep Cycle Lithium Iron Phosphate Battery include UPS,solar street light,solar power systems,wind system,alarm system and telecommunications,Recreational vehicle, vans, camping equipment, boats, trolling motors,sailboats, fish finders, and indoor home devices&#8230;<\/strong><\/li>\n<\/ul>\n<p>&nbsp;<\/p>\n<ul>\n<li>\u00a0 \u00a0Optional function:bluetooth;communication with inverter&#8230;<\/li>\n<\/ul>","protected":false},"excerpt":{"rendered":"<p>Bater\u00eda de ciclo profundo de litio Recreen Energy 12V 100Ah - la opci\u00f3n m\u00e1s vendida por su insuperable valor y rendimiento. Disfrute de una excelente relaci\u00f3n calidad-precio con esta bater\u00eda que le ofrece exactamente lo que necesita.<\/p>\n<p><strong>Caracter\u00edstica:<\/strong><\/p>\n<ul>\n<li>incredible lifespan of 6000 cycles!<\/li>\n<li>Sistema inteligente de gesti\u00f3n de la bater\u00eda con protecci\u00f3n contra desconexi\u00f3n por baja temperatura, incluso en lugares muy fr\u00edos, \u00a1para que no tenga que preocuparse de trasladar la bater\u00eda a su dormitorio!<\/li>\n<li>5 a\u00f1os de garant\u00eda: Como pionero en soluciones energ\u00e9ticas desde hace m\u00e1s de 12 a\u00f1os, Recreen Energy fusiona experiencia con servicios profesionales en cada producto suministrado en todo el mundo<\/li>\n<li>Estas bater\u00edas de litio de 12V 100Ah admiten conexiones con 4 piezas en serie y 4 piezas en paralelo<\/li>\n<\/ul>","protected":false},"featured_media":2768,"template":"","meta":{"_acf_changed":false,"_seopress_robots_primary_cat":"none","_seopress_titles_title":"12.8v 100ah solar lead acid replacement lithium ion batteries","_seopress_titles_desc":"lithium battery,12.8v 100ah lithium batteries,12.8v 100ah lead acid replacement lithium batteries,lead acid replacement lithium batteries,1280wh lithium battery","_seopress_robots_index":""},"product_brand":[],"product_cat":[84],"product_tag":[57,59],"class_list":{"0":"post-1412","1":"product","2":"type-product","3":"status-publish","4":"has-post-thumbnail","6":"product_cat-lead-acid-replacement-lithium-battery","7":"product_tag-marine","8":"product_tag-rv","10":"first","11":"instock","12":"shipping-taxable","13":"product-type-simple"},"acf":[],"_links":{"self":[{"href":"https:\/\/recreen.com\/es\/wp-json\/wp\/v2\/product\/1412"}],"collection":[{"href":"https:\/\/recreen.com\/es\/wp-json\/wp\/v2\/product"}],"about":[{"href":"https:\/\/recreen.com\/es\/wp-json\/wp\/v2\/types\/product"}],"wp:featuredmedia":[{"embeddable":true,"href":"https:\/\/recreen.com\/es\/wp-json\/wp\/v2\/media\/2768"}],"wp:attachment":[{"href":"https:\/\/recreen.com\/es\/wp-json\/wp\/v2\/media?parent=1412"}],"wp:term":[{"taxonomy":"product_brand","embeddable":true,"href":"https:\/\/recreen.com\/es\/wp-json\/wp\/v2\/product_brand?post=1412"},{"taxonomy":"product_cat","embeddable":true,"href":"https:\/\/recreen.com\/es\/wp-json\/wp\/v2\/product_cat?post=1412"},{"taxonomy":"product_tag","embeddable":true,"href":"https:\/\/recreen.com\/es\/wp-json\/wp\/v2\/product_tag?post=1412"}],"curies":[{"name":"wp","href":"https:\/\/api.w.org\/{rel}","templated":true}]}}