{"id":2753,"date":"2024-09-28T23:50:36","date_gmt":"2024-09-29T07:50:36","guid":{"rendered":"https:\/\/recreen.com\/?post_type=product&#038;p=2753"},"modified":"2024-11-20T22:16:49","modified_gmt":"2024-11-21T06:16:49","slug":"5kwh-rack-mounted-lithium-batteries","status":"publish","type":"product","link":"https:\/\/recreen.com\/de\/products\/5kwh-rack-mounted-lithium-batteries\/","title":{"rendered":"51.2V 100Ah 5KWH Rack Mounted Lithium ion LFP Batteries for Residential"},"content":{"rendered":"<p>Energiespeicherung f\u00fcr Wohngeb\u00e4ude mit den hochsicheren und zuverl\u00e4ssigen Systemen von Recreen Energy. Angetrieben von Lithium-Eisenphosphat-Batterien und fortschrittlicher BMS-Technologie speichern diese Systeme effizient \u00fcbersch\u00fcssige Solarenergie aus Photovoltaikanlagen auf dem Dach. Indem Sie tags\u00fcber Strom zu niedrigeren Preisen nutzen und Ihre Ger\u00e4te nachts mit Strom versorgen, k\u00f6nnen Sie erhebliche Einsparungen bei Ihren Stromrechnungen erzielen und gleichzeitig die Abh\u00e4ngigkeit vom Stromnetz verringern. Entscheiden Sie sich f\u00fcr nachhaltige Energiel\u00f6sungen und \u00fcbernehmen Sie die Kontrolle \u00fcber Ihren Stromverbrauch mit den hochmodernen Energiespeichersystemen von Recreen Energy f\u00fcr Haushalte.<\/p>\n<p>&nbsp;<\/p>\n<ul>\n<li>Rated for 6000 deep charge &amp; discharge cycles 15-year life with 80% depth of discharge daily, designed for up to 20-year life<\/li>\n<li>Tier One, A+ Zellzusammensetzung, 99% Wirkungsgrad LiFePo4 16-Zellen-Pack<\/li>\n<li>#1 Server-Rack-Batterie mit hoher Energiedichte (Formfaktor)<\/li>\n<li>W\u00e4hlbare Wechselrichter-Kommunikation mit geschlossenem Regelkreis, einschlie\u00dflich Schneider, Solark, Victron, Growatt...<\/li>\n<li>Bis zu 16 Batterien parallel<br \/>\n- Holen Sie sich die gr\u00f6\u00dftm\u00f6gliche Leistung! Bis zu 81,9kWh unter Beibehaltung der BMS-Kommunikation!<\/li>\n<\/ul>\n<p>Optionale Funktion: LCD-Bildschirm, Selbsterhitzungsfunktion, Bluetooth...<\/p>","protected":false},"excerpt":{"rendered":"<p>51.2V 100Ah Lifepo4 Speicherbatterie zur Rackmontage: Fortschrittliche LFP-Batterie - Sicherer und effizienter. Kompatibel mit f\u00fchrenden Wechselrichtern, ist sie die intelligente Wahl f\u00fcr Batterieanforderungen - ersetzen, erweitern oder neu installieren. Vertrauen Sie auf nahtlose Integration und dauerhafte Leistung. Nutzen Sie die Zukunft der Energiespeicherung mit der 51,2V 100Ah Lithium-Ionen-Phosphat-Batterie<\/p>\n<p><strong>Merkmal:<\/strong><\/p>\n<ul>\n<li>LFP-Zelle (Lithium-Eisenphosphat) f\u00fcr h\u00f6chste Sicherheit<\/li>\n<li>Extra lange Zykluslebensdauer mit 6000 Zyklen mit 80% DOD<\/li>\n<li>Eingebautes BMS sch\u00fctzt die Zelle in Bezug auf Temperatur, Strom, Spannung, SoC, SoH.<\/li>\n<li>M\u00f6glichkeit der Parallelschaltung mit bis zu 16 St\u00fcck<\/li>\n<li>Ma\u00dfgeschneiderte Lithium-Batterien sind erh\u00e4ltlich<\/li>\n<\/ul>","protected":false},"featured_media":2892,"template":"","meta":{"_acf_changed":false,"_seopress_robots_primary_cat":"none","_seopress_titles_title":"residential 51.2v 100ah 5kwh rack mounted lithium batteries","_seopress_titles_desc":"lithium ion batteries,51.2v 100ah lithium batteries,5kwh lithium batteries,5kwh rack mounted lithium batteries,51.2v 100ah 5kwh rack mounted lithium batteries","_seopress_robots_index":""},"product_brand":[],"product_cat":[22,43],"product_tag":[],"class_list":{"0":"post-2753","1":"product","2":"type-product","3":"status-publish","4":"has-post-thumbnail","6":"product_cat-uncategorized","7":"product_cat-low-voltage-lfp-residential-battery","9":"first","10":"instock","11":"shipping-taxable","12":"product-type-simple"},"acf":[],"_links":{"self":[{"href":"https:\/\/recreen.com\/de\/wp-json\/wp\/v2\/product\/2753"}],"collection":[{"href":"https:\/\/recreen.com\/de\/wp-json\/wp\/v2\/product"}],"about":[{"href":"https:\/\/recreen.com\/de\/wp-json\/wp\/v2\/types\/product"}],"wp:featuredmedia":[{"embeddable":true,"href":"https:\/\/recreen.com\/de\/wp-json\/wp\/v2\/media\/2892"}],"wp:attachment":[{"href":"https:\/\/recreen.com\/de\/wp-json\/wp\/v2\/media?parent=2753"}],"wp:term":[{"taxonomy":"product_brand","embeddable":true,"href":"https:\/\/recreen.com\/de\/wp-json\/wp\/v2\/product_brand?post=2753"},{"taxonomy":"product_cat","embeddable":true,"href":"https:\/\/recreen.com\/de\/wp-json\/wp\/v2\/product_cat?post=2753"},{"taxonomy":"product_tag","embeddable":true,"href":"https:\/\/recreen.com\/de\/wp-json\/wp\/v2\/product_tag?post=2753"}],"curies":[{"name":"wp","href":"https:\/\/api.w.org\/{rel}","templated":true}]}}