{"id":1703,"date":"2023-07-19T01:06:20","date_gmt":"2023-07-19T09:06:20","guid":{"rendered":"https:\/\/recreen.com\/?post_type=product&#038;p=1703"},"modified":"2024-01-01T19:15:10","modified_gmt":"2024-01-02T03:15:10","slug":"complete-off-grid-solar-kits","status":"publish","type":"product","link":"https:\/\/recreen.com\/de\/products\/complete-off-grid-solar-kits\/","title":{"rendered":"DIY Komplette netzunabh\u00e4ngige Solar-Kits Wechselrichter Batterie Solarmodul"},"content":{"rendered":"<p><img fetchpriority=\"high\" decoding=\"async\" class=\"size-full wp-image-1707\" src=\"https:\/\/recreen.com\/wp-content\/uploads\/2023\/07\/5kw-5kwh-off-grid-solar-kits.jpg\" alt=\"5kw 5kwh off grid solar kits\" width=\"750\" height=\"416\" srcset=\"https:\/\/recreen.com\/wp-content\/uploads\/2023\/07\/5kw-5kwh-off-grid-solar-kits.jpg 750w, https:\/\/recreen.com\/wp-content\/uploads\/2023\/07\/5kw-5kwh-off-grid-solar-kits-300x166.jpg 300w, https:\/\/recreen.com\/wp-content\/uploads\/2023\/07\/5kw-5kwh-off-grid-solar-kits-18x10.jpg 18w, https:\/\/recreen.com\/wp-content\/uploads\/2023\/07\/5kw-5kwh-off-grid-solar-kits-600x333.jpg 600w\" sizes=\"(max-width: 750px) 100vw, 750px\" \/><\/p>\n<p><img decoding=\"async\" class=\"size-full wp-image-1699\" src=\"https:\/\/recreen.com\/wp-content\/uploads\/2023\/07\/5kw-powerwall-battery.jpg\" alt=\"5kw powerwall battery\" width=\"750\" height=\"488\" srcset=\"https:\/\/recreen.com\/wp-content\/uploads\/2023\/07\/5kw-powerwall-battery.jpg 750w, https:\/\/recreen.com\/wp-content\/uploads\/2023\/07\/5kw-powerwall-battery-300x195.jpg 300w, https:\/\/recreen.com\/wp-content\/uploads\/2023\/07\/5kw-powerwall-battery-18x12.jpg 18w, https:\/\/recreen.com\/wp-content\/uploads\/2023\/07\/5kw-powerwall-battery-600x390.jpg 600w\" sizes=\"(max-width: 750px) 100vw, 750px\" \/><\/p>\n<p><img decoding=\"async\" class=\"size-full wp-image-1697\" src=\"https:\/\/recreen.com\/wp-content\/uploads\/2023\/07\/solar-panel-off-grid-system.jpg\" alt=\"5kw 5kwh 10kwh 15kwh off grid solar system kit residential energy storage\" width=\"750\" height=\"487\" srcset=\"https:\/\/recreen.com\/wp-content\/uploads\/2023\/07\/solar-panel-off-grid-system.jpg 750w, https:\/\/recreen.com\/wp-content\/uploads\/2023\/07\/solar-panel-off-grid-system-300x195.jpg 300w, https:\/\/recreen.com\/wp-content\/uploads\/2023\/07\/solar-panel-off-grid-system-18x12.jpg 18w, https:\/\/recreen.com\/wp-content\/uploads\/2023\/07\/solar-panel-off-grid-system-600x390.jpg 600w\" sizes=\"(max-width: 750px) 100vw, 750px\" \/><\/p>\n<p><img loading=\"lazy\" decoding=\"async\" class=\"size-full wp-image-1698\" src=\"https:\/\/recreen.com\/wp-content\/uploads\/2023\/07\/off-grid-solar-kits.jpg\" alt=\"5kw 5kwh 10kwh 15kwh off grid solar system kit residential energy storage\" width=\"750\" height=\"688\" srcset=\"https:\/\/recreen.com\/wp-content\/uploads\/2023\/07\/off-grid-solar-kits.jpg 750w, https:\/\/recreen.com\/wp-content\/uploads\/2023\/07\/off-grid-solar-kits-300x275.jpg 300w, https:\/\/recreen.com\/wp-content\/uploads\/2023\/07\/off-grid-solar-kits-13x12.jpg 13w, https:\/\/recreen.com\/wp-content\/uploads\/2023\/07\/off-grid-solar-kits-600x550.jpg 600w\" sizes=\"(max-width: 750px) 100vw, 750px\" \/><\/p>","protected":false},"excerpt":{"rendered":"<p>Werden Sie mit unserem DIY-Solarsystem netzunabh\u00e4ngig! Genie\u00dfen Sie Energieunabh\u00e4ngigkeit mit hochwertigen Solarmodulen, intelligenter Ladesteuerung, zuverl\u00e4ssigen Batterien und effizienten Wechselrichtern. \u00dcberwachen Sie den Zustand der Batterien und bleiben Sie mit DC-Trennschaltern sicher. Unser AC-Verteilerfeld sorgt f\u00fcr eine reibungslose Stromversorgung. F\u00fcgen Sie einen optionalen Notstromgenerator f\u00fcr kontinuierliche Energie hinzu. Sparen Sie Rechnungen und schonen Sie die Umwelt.<\/p>\n<h2><strong>Warum Sie ein netzunabh\u00e4ngiges Solarsystem brauchen:<\/strong><\/h2>\n<ul>\n<li><strong>Kosteneinsparungen:<\/strong> Selbstbaus\u00e4tze k\u00f6nnen kosteneffizienter sein als vorinstallierte Systeme, da die Kunden Arbeits- und Installationskosten vermeiden k\u00f6nnen, wenn sie es selbst tun.<\/li>\n<li><strong>Anpassungen:<\/strong> DIY-Baus\u00e4tze erm\u00f6glichen es den Kunden, ihr Solarsystem auf ihre spezifischen Energiebed\u00fcrfnisse und ihr Budget abzustimmen, um sicherzustellen, dass die richtigen Komponenten f\u00fcr ihre einzigartige Situation ausgew\u00e4hlt werden<\/li>\n<li><strong>Flexibilit\u00e4t:<\/strong> DIY-Kits bieten Flexibilit\u00e4t bei der Systemgestaltung und erm\u00f6glichen es den Kunden, Komponenten je nach Bedarf hinzuzuf\u00fcgen oder aufzur\u00fcsten<\/li>\n<li>Wir bieten Ihnen eine L\u00f6sung f\u00fcr die Speicherung von Solarenergie aus einer Hand, die Ihren Bed\u00fcrfnissen entspricht, und zwar zu einem Gro\u00dfhandelspreis direkt ab Werk.<\/li>\n<\/ul>","protected":false},"featured_media":1704,"template":"","meta":{"_acf_changed":false,"_seopress_robots_primary_cat":"none","_seopress_titles_title":"tailor made residential off grid solar kits","_seopress_titles_desc":"Go Off-Grid with Our DIY Solar System! Enjoy energy independence using premium solar panels, smart charge control, reliable batteries, and efficient inverters. ","_seopress_robots_index":""},"product_brand":[],"product_cat":[22],"product_tag":[63,71,72],"class_list":{"0":"post-1703","1":"product","2":"type-product","3":"status-publish","4":"has-post-thumbnail","6":"product_cat-uncategorized","7":"product_tag-off-grid","8":"product_tag-residential-off-grid-solar","9":"product_tag-whole-home-backup-solar-battery-system-solution","11":"first","12":"instock","13":"shipping-taxable","14":"product-type-simple"},"acf":[],"_links":{"self":[{"href":"https:\/\/recreen.com\/de\/wp-json\/wp\/v2\/product\/1703"}],"collection":[{"href":"https:\/\/recreen.com\/de\/wp-json\/wp\/v2\/product"}],"about":[{"href":"https:\/\/recreen.com\/de\/wp-json\/wp\/v2\/types\/product"}],"wp:featuredmedia":[{"embeddable":true,"href":"https:\/\/recreen.com\/de\/wp-json\/wp\/v2\/media\/1704"}],"wp:attachment":[{"href":"https:\/\/recreen.com\/de\/wp-json\/wp\/v2\/media?parent=1703"}],"wp:term":[{"taxonomy":"product_brand","embeddable":true,"href":"https:\/\/recreen.com\/de\/wp-json\/wp\/v2\/product_brand?post=1703"},{"taxonomy":"product_cat","embeddable":true,"href":"https:\/\/recreen.com\/de\/wp-json\/wp\/v2\/product_cat?post=1703"},{"taxonomy":"product_tag","embeddable":true,"href":"https:\/\/recreen.com\/de\/wp-json\/wp\/v2\/product_tag?post=1703"}],"curies":[{"name":"wp","href":"https:\/\/api.w.org\/{rel}","templated":true}]}}