{"id":1678,"date":"2023-07-18T22:05:11","date_gmt":"2023-07-19T06:05:11","guid":{"rendered":"https:\/\/recreen.com\/?post_type=product&#038;p=1678"},"modified":"2024-09-30T18:48:04","modified_gmt":"2024-10-01T02:48:04","slug":"hybrid-inverters","status":"publish","type":"product","link":"https:\/\/recreen.com\/de\/products\/hybrid-inverters\/","title":{"rendered":"US 5KW 6KW 8KW 10KW Hybrid-Wechselrichter Splite Phase 48V Batterie"},"content":{"rendered":"<div class=\"elementor-element elementor-element-00e1fe8 eael-dual-header-content-align-left elementor-widget elementor-widget-eael-dual-color-header\" data-id=\"00e1fe8\" data-element_type=\"widget\" data-widget_type=\"eael-dual-color-header.default\">\n<div class=\"elementor-widget-container\">\n<div class=\"eael-dual-header\">\n<div class=\"elementor-element elementor-element-c76a9f4 elementor-widget elementor-widget-woocommerce-product-content\" data-id=\"c76a9f4\" data-element_type=\"widget\" data-widget_type=\"woocommerce-product-content.default\">\n<div class=\"elementor-widget-container\">\n<p><strong>Flexibel\u00a0 \u00a0<\/strong><\/p>\n<p>* Gro\u00dfer Eingangsspannungsbereich<br \/>\n* Kompatibel mit Blei-S\u00e4ure- oder Lithium-Ionen-Batterien oder anderen Batterien<\/p>\n<p><b>Anmut<\/b><br \/>\n*Modisches Aussehen, geringes Gewicht, intelligente Bedienung<br \/>\n*Nat\u00fcrliche K\u00fchlung, ger\u00e4uscharm<br \/>\n*IP65, Wandmontage, platzsparend<br \/>\n*Ber\u00fchrungsbildschirm LCD<\/p>\n<p><b>Zuverl\u00e4ssig<\/b><br \/>\n*Kompatibel mit der Gegenstromfunktion<br \/>\n*Schutz vor Verpolung der Batterie<\/p>\n<p><b>Fortgeschrittene<\/b><br \/>\n*Intelligentes Energiemanagementsystem f\u00fcr das Haus<br \/>\n*Energieeinsatzplanung und Demand Side Response Management<br \/>\n*Verteiltes Management virtueller Kraftwerke<\/p>\n<\/div>\n<\/div>\n<div class=\"elementor-element elementor-element-8741538 eael-dual-header-content-align-left elementor-widget elementor-widget-eael-dual-color-header\" data-id=\"8741538\" data-element_type=\"widget\" data-widget_type=\"eael-dual-color-header.default\">\n<div class=\"elementor-widget-container\">\n<div class=\"eael-dual-header\">\n<div class=\"elementor-element elementor-element-8741538 eael-dual-header-content-align-left elementor-widget elementor-widget-eael-dual-color-header\" data-id=\"8741538\" data-element_type=\"widget\" data-widget_type=\"eael-dual-color-header.default\">\n<div class=\"elementor-widget-container\">\n<div class=\"eael-dual-header\">\n<h2 class=\"title\"><span class=\"lead solid-color\">Produkt<\/span>\u00a0Spezifikationen<\/h2>\n<\/div>\n<\/div>\n<\/div>\n<div class=\"elementor-element elementor-element-521ef65 elementor-widget elementor-widget-woocommerce-product-short-description\" data-id=\"521ef65\" data-element_type=\"widget\" data-widget_type=\"woocommerce-product-short-description.default\">\n<div class=\"elementor-widget-container\">\n<div class=\"woocommerce-product-details__short-description\">\n<table width=\"581\">\n<tbody>\n<tr>\n<td>Modell<\/td>\n<td>R5KLNA<\/td>\n<td>R6KLNA<\/td>\n<td>R7K6LNA<\/td>\n<td>R8KLNA<\/td>\n<\/tr>\n<tr>\n<td colspan=\"5\"><strong>Netzunabh\u00e4ngiger AC-Ausgang<\/strong><\/td>\n<\/tr>\n<tr>\n<td>Rate AC-Ausgangsleistung<\/td>\n<td>5KVA<\/td>\n<td>6KVA<\/td>\n<td>7.6KVA<\/td>\n<td>8KVA<\/td>\n<\/tr>\n<tr>\n<td>AC-Ausgangsspannung<\/td>\n<td colspan=\"4\">120\/240Vac(geteilte Phase),208Vac( 2\/3 Phase),230Vac(einphasig)<\/td>\n<\/tr>\n<tr>\n<td>AC Out setzen Frenquecny<\/td>\n<td colspan=\"4\">50\/60Hz<\/td>\n<\/tr>\n<tr>\n<td>Raster Typ<\/td>\n<td colspan=\"4\">Geteilte Phase,2\/3 Phase,Einphasig<\/td>\n<\/tr>\n<tr>\n<td>Max. Ausgangsstrom<\/td>\n<td>24A<\/td>\n<td>28.8A<\/td>\n<td>36.5A<\/td>\n<td>38.3A<\/td>\n<\/tr>\n<tr>\n<td>AC-Umkehrladung<\/td>\n<td colspan=\"4\">Ja<\/td>\n<\/tr>\n<tr>\n<td>PF<\/td>\n<td colspan=\"4\">0.8f\u00fchrend...0.8nachlaufend<\/td>\n<\/tr>\n<tr>\n<td>Ausgang THDI<\/td>\n<td colspan=\"4\">\uff1c2%<\/td>\n<\/tr>\n<tr>\n<td colspan=\"5\"><strong>Back-up AC-Ausgang<\/strong><\/td>\n<\/tr>\n<tr>\n<td>Nennleistung Backup-Ausgang<\/td>\n<td>5KVA<\/td>\n<td>6KVA<\/td>\n<td>7.6KVA<\/td>\n<td>8KVA<\/td>\n<\/tr>\n<tr>\n<td>Max. Ausgangsspannung hinten<\/td>\n<td>6,25KVA 60S. 7,5KVA 1S<\/td>\n<td>7,5KVA 60S. 9KVA 1S<\/td>\n<td>9,5KVA 60S. 11.4KVA 1S<\/td>\n<td>10KVA 60S. 12KVA 1S<\/td>\n<\/tr>\n<tr>\n<td>Backup AC-Ausgang Spannung<\/td>\n<td colspan=\"4\">120\/240Vac(geteilte Phase),208Vac( 2\/3 Phase),230Vac(einphasig)<\/td>\n<\/tr>\n<tr>\n<td>AC-Frequenz<\/td>\n<td colspan=\"4\">50\/60Hz<\/td>\n<\/tr>\n<tr>\n<td>Ausgang THDI<\/td>\n<td colspan=\"4\">\uff1c2%<\/td>\n<\/tr>\n<tr>\n<td colspan=\"5\"><strong>PV-Eingang<\/strong><\/td>\n<\/tr>\n<tr>\n<td>PV-Eingangsleistung<\/td>\n<td>7,5 kW<\/td>\n<td>9kw<\/td>\n<td>12kw<\/td>\n<td>12kw<\/td>\n<\/tr>\n<tr>\n<td>MPPT-Nummer<\/td>\n<td colspan=\"4\">4<\/td>\n<\/tr>\n<tr>\n<td>PV-Spannungsbereich<\/td>\n<td colspan=\"4\">350V\/85V-500V<\/td>\n<\/tr>\n<tr>\n<td>MPPT-Spannungsbereich<\/td>\n<td colspan=\"4\">120V-500V<\/td>\n<\/tr>\n<tr>\n<td>Einzelner MPPT-Eingangsstrom<\/td>\n<td>12A<\/td>\n<td>12A<\/td>\n<td>12A<\/td>\n<td>12A<\/td>\n<\/tr>\n<tr>\n<td colspan=\"5\"><strong>Batterie<\/strong><\/td>\n<\/tr>\n<tr>\n<td>Maximaler Lade-\/Entladestrom<\/td>\n<td>120A\/120A<\/td>\n<td>135A\/135A<\/td>\n<td>190A\/190A<\/td>\n<td>190A\/190A<\/td>\n<\/tr>\n<tr>\n<td>Batterie Spannungsbereich<\/td>\n<td>48V<\/td>\n<td>48V<\/td>\n<td>48V<\/td>\n<td>48V<\/td>\n<\/tr>\n<tr>\n<td>Akku-Typ<\/td>\n<td colspan=\"4\">Lithium-Ionen, Blei-S\u00e4ure<\/td>\n<\/tr>\n<tr>\n<td colspan=\"5\"><strong>Schutz<\/strong><\/td>\n<\/tr>\n<tr>\n<td>Bodenschutz<\/td>\n<td colspan=\"4\">Ja<\/td>\n<\/tr>\n<tr>\n<td>AFCI-Schutz<\/td>\n<td colspan=\"4\">Ja<\/td>\n<\/tr>\n<tr>\n<td>Inselbildungsschutz<\/td>\n<td colspan=\"4\">Ja<\/td>\n<\/tr>\n<tr>\n<td>DC-Trennungserkennung<\/td>\n<td colspan=\"4\">Ja<\/td>\n<\/tr>\n<tr>\n<td>Batterie R\u00fccklaufschutz<\/td>\n<td colspan=\"4\">Ja<\/td>\n<\/tr>\n<tr>\n<td>Batterie R\u00fccklaufschutz<\/td>\n<td colspan=\"4\">Ja<\/td>\n<\/tr>\n<tr>\n<td>Lade- und Entladeschutz der Batterie<\/td>\n<td colspan=\"4\">Ja<\/td>\n<\/tr>\n<tr>\n<td>Isolationspr\u00fcfung<\/td>\n<td colspan=\"4\">Ja<\/td>\n<\/tr>\n<tr>\n<td>GFCI<\/td>\n<td colspan=\"4\">Ja<\/td>\n<\/tr>\n<tr>\n<td>DC-Antidonner<\/td>\n<td colspan=\"4\">Ja<\/td>\n<\/tr>\n<tr>\n<td>AC Anti-Donner<\/td>\n<td colspan=\"4\">Ja<\/td>\n<\/tr>\n<\/tbody>\n<\/table>\n<\/div>\n<\/div>\n<\/div>\n<\/div>\n<\/div>\n<\/div>\n<\/div>\n<\/div>\n<\/div>","protected":false},"excerpt":{"rendered":"<p>Niederspannungs-Hybrid-Wechselrichter. Ideal f\u00fcr die Energiespeicherung zu Hause in Nordamerika, deckt er bis zu 10KW Strombedarf. Unterst\u00fctzt 6 Ger\u00e4te parallel mit einem intelligenten Display f\u00fcr einfache Bedienung und Wartung. Erleben Sie Komfort und Zuverl\u00e4ssigkeit mit unserer fortschrittlichen Technologie.<\/p>\n<h2><strong>Merkmale:<\/strong><\/h2>\n<ul>\n<li>48-V-Split-Phasen-Wechselrichter<\/li>\n<li>Ausgangsleistung:5KW\/6KW\/8KW\/10KW<\/li>\n<li>Ausgangsspannung:110V\/220V<\/li>\n<li>Zertifizierung: UL1741SA alle Optionen, UL1699B, CSA 22.2<\/li>\n<\/ul>","protected":false},"featured_media":1687,"template":"","meta":{"_acf_changed":false,"_seopress_robots_primary_cat":"none","_seopress_titles_title":"","_seopress_titles_desc":"","_seopress_robots_index":""},"product_brand":[],"product_cat":[50,38],"product_tag":[],"class_list":{"0":"post-1678","1":"product","2":"type-product","3":"status-publish","4":"has-post-thumbnail","6":"product_cat-hybrid-inverter","7":"product_cat-inverter","9":"first","10":"instock","11":"shipping-taxable","12":"product-type-simple"},"acf":[],"_links":{"self":[{"href":"https:\/\/recreen.com\/de\/wp-json\/wp\/v2\/product\/1678"}],"collection":[{"href":"https:\/\/recreen.com\/de\/wp-json\/wp\/v2\/product"}],"about":[{"href":"https:\/\/recreen.com\/de\/wp-json\/wp\/v2\/types\/product"}],"wp:featuredmedia":[{"embeddable":true,"href":"https:\/\/recreen.com\/de\/wp-json\/wp\/v2\/media\/1687"}],"wp:attachment":[{"href":"https:\/\/recreen.com\/de\/wp-json\/wp\/v2\/media?parent=1678"}],"wp:term":[{"taxonomy":"product_brand","embeddable":true,"href":"https:\/\/recreen.com\/de\/wp-json\/wp\/v2\/product_brand?post=1678"},{"taxonomy":"product_cat","embeddable":true,"href":"https:\/\/recreen.com\/de\/wp-json\/wp\/v2\/product_cat?post=1678"},{"taxonomy":"product_tag","embeddable":true,"href":"https:\/\/recreen.com\/de\/wp-json\/wp\/v2\/product_tag?post=1678"}],"curies":[{"name":"wp","href":"https:\/\/api.w.org\/{rel}","templated":true}]}}