{"id":1652,"date":"2023-07-18T18:12:23","date_gmt":"2023-07-19T02:12:23","guid":{"rendered":"https:\/\/recreen.com\/?post_type=product&#038;p=1652"},"modified":"2024-09-30T10:08:40","modified_gmt":"2024-09-30T18:08:40","slug":"3-3kw-solar-off-grid-inverter","status":"publish","type":"product","link":"https:\/\/recreen.com\/de\/products\/3-3kw-solar-off-grid-inverter\/","title":{"rendered":"1.5KW\/2KW\/2.4KW\/3.2KW Off Grid Solar Wechselrichter"},"content":{"rendered":"<ul>\n<li>Reiner Sinus-Solarwechselrichter<\/li>\n<li>Ausgangsleistungsfaktor 1,0<\/li>\n<li>Wifi &amp; GPRS verf\u00fcgbar f\u00fcr IOS und Android<\/li>\n<li>Eingebautes80AMPPT-Solarladeger\u00e4t<\/li>\n<li>Hoher PV-Eingangsspannungsbereich (90~450VDC)<\/li>\n<li>Eingebautes D\u00e4mmerungsschutz-Kit f\u00fcr raue Umgebungen<\/li>\n<li>Intelligentes Batterieladesystem zur Optimierung der Batterielebensdauer<\/li>\n<li>die vielf\u00e4ltigen individuellen Bed\u00fcrfnisse der Kunden erf\u00fcllen<\/li>\n<li>Kompatibel mit Lithium-Batterie<\/li>\n<li>Die Solarenergie wird zun\u00e4chst direkt an den Verbraucher geliefert<\/li>\n<\/ul>\n<div class=\"elementor-element elementor-element-8741538 eael-dual-header-content-align-left elementor-widget elementor-widget-eael-dual-color-header\" data-id=\"8741538\" data-element_type=\"widget\" data-widget_type=\"eael-dual-color-header.default\">\n<div class=\"elementor-widget-container\">\n<div class=\"eael-dual-header\">\n<h2 class=\"title\"><span class=\"lead solid-color\">Produkt<\/span>\u00a0Spezifikationen<\/h2>\n<\/div>\n<\/div>\n<\/div>\n<div class=\"elementor-element elementor-element-521ef65 elementor-widget elementor-widget-woocommerce-product-short-description\" data-id=\"521ef65\" data-element_type=\"widget\" data-widget_type=\"woocommerce-product-short-description.default\">\n<div class=\"elementor-widget-container\">\n<div class=\"woocommerce-product-details__short-description\">\n<table width=\"853\">\n<tbody>\n<tr>\n<td><strong>Modell\u00a0<\/strong><\/td>\n<td><strong>\u00a0NM2000-12V<\/strong><\/td>\n<td><strong>NM 3200-24V<\/strong><\/td>\n<\/tr>\n<tr>\n<td>RATED POWER<\/td>\n<td>2000VAC\/1600W<\/td>\n<td>3200VA\/3000W<\/td>\n<\/tr>\n<tr>\n<td colspan=\"3\"><strong>AC Inpiut<\/strong><\/td>\n<\/tr>\n<tr>\n<td>Spannung<\/td>\n<td colspan=\"2\">230VAC<\/td>\n<\/tr>\n<tr>\n<td rowspan=\"2\">\u00a0W\u00e4hlbarer Spannungsbereich<\/td>\n<td colspan=\"2\">170~280VAC (f\u00fcr Personal Computer)<\/td>\n<\/tr>\n<tr>\n<td colspan=\"2\">90~280VAC(f\u00fcr Haushaltsger\u00e4te)<\/td>\n<\/tr>\n<tr>\n<td>Frequenzbereich<\/td>\n<td colspan=\"2\">50Hz\/60Hz (automatische Erkennung)<\/td>\n<\/tr>\n<tr>\n<td>AC-Spannungsregelung<\/td>\n<td colspan=\"2\">230VAC\u00b15%<\/td>\n<\/tr>\n<tr>\n<td>Stromspitzen<\/td>\n<td>4000VA<\/td>\n<td>6400VA<\/td>\n<\/tr>\n<tr>\n<td>Wirkungsgrad(Peak)PV zu INV<\/td>\n<td colspan=\"2\">98%<\/td>\n<\/tr>\n<tr>\n<td>Wirkungsgrad (Spitzenwert)Batterie zu INV<\/td>\n<td colspan=\"2\">94%<\/td>\n<\/tr>\n<tr>\n<td>\u00dcbertragungszeit<\/td>\n<td colspan=\"2\">10 ms (f\u00fcr Personal Computer); 20 ms (f\u00fcr Haushaltsger\u00e4te)<\/td>\n<\/tr>\n<tr>\n<td><strong>BATTERIE &amp; LADEGER\u00c4T\u00a0<\/strong><\/td>\n<td colspan=\"2\"><\/td>\n<\/tr>\n<tr>\n<td>Akku-Spannung<\/td>\n<td>12 VDC<\/td>\n<td>24 VDC<\/td>\n<\/tr>\n<tr>\n<td>Schwebende Ladung Voltge<\/td>\n<td>13,5VDC<\/td>\n<td>27VDC<\/td>\n<\/tr>\n<tr>\n<td>Schutz vor \u00dcberladung<\/td>\n<td>16VDC<\/td>\n<td>33VDC<\/td>\n<\/tr>\n<\/tbody>\n<\/table>\n<\/div>\n<\/div>\n<\/div>\n<p>&nbsp;<\/p>\n<p>&nbsp;<\/p>","protected":false},"excerpt":{"rendered":"<p>Unser tragbarer Multifunktions-Wechselrichter\/Ladeger\u00e4t vereint einen Wechselrichter, ein Solarladeger\u00e4t und ein Batterieladeger\u00e4t in einem kompakten Ger\u00e4t. Er bietet eine unterbrechungsfreie Stromversorgung und eine einfache Konfiguration \u00fcber sein LCD-Display. Der Benutzer kann Einstellungen wie den Batterieladestrom, die Priorit\u00e4t des AC-\/Solar-Ladeger\u00e4ts und die Eingangsspannung je nach den spezifischen Anwendungsanforderungen anpassen.<\/p>\n<h2><strong>Merkmale:<\/strong><\/h2>\n<ul>\n<li>Reiner Sinus MPPT-Solar-Wechselrichter<\/li>\n<li>Mit integriertem 80A MPPT Solarladeregler<\/li>\n<li>Mit Touch Button auf dem LCD-Display<\/li>\n<li>Optional mit WIFI-Funktion<\/li>\n<\/ul>","protected":false},"featured_media":1655,"template":"","meta":{"_acf_changed":false,"_seopress_robots_primary_cat":"none","_seopress_titles_title":"","_seopress_titles_desc":"","_seopress_robots_index":""},"product_brand":[],"product_cat":[38,49],"product_tag":[],"class_list":{"0":"post-1652","1":"product","2":"type-product","3":"status-publish","4":"has-post-thumbnail","6":"product_cat-inverter","7":"product_cat-off-grid-inverter","9":"first","10":"instock","11":"shipping-taxable","12":"product-type-simple"},"acf":[],"_links":{"self":[{"href":"https:\/\/recreen.com\/de\/wp-json\/wp\/v2\/product\/1652"}],"collection":[{"href":"https:\/\/recreen.com\/de\/wp-json\/wp\/v2\/product"}],"about":[{"href":"https:\/\/recreen.com\/de\/wp-json\/wp\/v2\/types\/product"}],"wp:featuredmedia":[{"embeddable":true,"href":"https:\/\/recreen.com\/de\/wp-json\/wp\/v2\/media\/1655"}],"wp:attachment":[{"href":"https:\/\/recreen.com\/de\/wp-json\/wp\/v2\/media?parent=1652"}],"wp:term":[{"taxonomy":"product_brand","embeddable":true,"href":"https:\/\/recreen.com\/de\/wp-json\/wp\/v2\/product_brand?post=1652"},{"taxonomy":"product_cat","embeddable":true,"href":"https:\/\/recreen.com\/de\/wp-json\/wp\/v2\/product_cat?post=1652"},{"taxonomy":"product_tag","embeddable":true,"href":"https:\/\/recreen.com\/de\/wp-json\/wp\/v2\/product_tag?post=1652"}],"curies":[{"name":"wp","href":"https:\/\/api.w.org\/{rel}","templated":true}]}}