{"id":1436,"date":"2023-07-17T02:20:53","date_gmt":"2023-07-17T10:20:53","guid":{"rendered":"https:\/\/recreen.com\/?post_type=product&#038;p=1436"},"modified":"2023-07-17T18:58:16","modified_gmt":"2023-07-18T02:58:16","slug":"ups-backup-battery","status":"publish","type":"product","link":"https:\/\/recreen.com\/de\/products\/ups-backup-battery\/","title":{"rendered":"Kundenspezifische LiFePO4-Batterie-Energiespeicherl\u00f6sungen mit hoher Volatilit\u00e4t UPS 100V-600V"},"content":{"rendered":"<p><img fetchpriority=\"high\" decoding=\"async\" class=\"size-full wp-image-1527\" src=\"https:\/\/recreen.com\/wp-content\/uploads\/2023\/07\/data-center-lithium-battery.jpg\" alt=\"customized lifepo4 battery energy storage solutions high volatge ups 100v 600v\" width=\"1200\" height=\"2010\" srcset=\"https:\/\/recreen.com\/wp-content\/uploads\/2023\/07\/data-center-lithium-battery.jpg 1200w, https:\/\/recreen.com\/wp-content\/uploads\/2023\/07\/data-center-lithium-battery-179x300.jpg 179w, https:\/\/recreen.com\/wp-content\/uploads\/2023\/07\/data-center-lithium-battery-611x1024.jpg 611w, https:\/\/recreen.com\/wp-content\/uploads\/2023\/07\/data-center-lithium-battery-768x1286.jpg 768w, https:\/\/recreen.com\/wp-content\/uploads\/2023\/07\/data-center-lithium-battery-917x1536.jpg 917w, https:\/\/recreen.com\/wp-content\/uploads\/2023\/07\/data-center-lithium-battery-600x1005.jpg 600w\" sizes=\"(max-width: 1200px) 100vw, 1200px\" \/><\/p>\n<p>Sylon Solar hat sich auf die Bereitstellung von LiFePO4-Batteriel\u00f6sungen zur Energiespeicherung f\u00fcr USV spezialisiert, die eine hervorragende Kompatibilit\u00e4t und eine sichere, lange Lebensdauer gew\u00e4hrleisten. Unser Batteriesystem verf\u00fcgt \u00fcber eine dreistufige Struktur.<\/p>\n<ul>\n<li>Auf Modulebene ist die BMU in das Batteriemodul integriert und k\u00fcmmert sich um die Erfassung der Zellspannung, die \u00dcberwachung der Modultemperatur, den Batterieausgleich und die Kommunikation mit dem \u00fcbergeordneten Managementsystem.<\/li>\n<li>Das Managementsystem auf Schrankebene, CBMS, sorgt f\u00fcr die Erkennung des Batteriestroms, die Datenanalyse sowie die Alarm- und Schutzsteuerung und kommuniziert mit den oberen und unteren Ebenen.<\/li>\n<li>Schlie\u00dflich f\u00fchrt die Hauptsteuerung GBMS die Datenanalyse durch, kommuniziert mit untergeordneten Systemen und stellt Schnittstellen zur USV bereit, um eine nahtlose Integration und optimale Leistung f\u00fcr Ihre Energiespeicheranforderungen zu gew\u00e4hrleisten. Z\u00e4hlen Sie auf RPT f\u00fcr zuverl\u00e4ssige und effiziente USV-Energiel\u00f6sungen.<\/li>\n<li class=\"title\">Das System verf\u00fcgt \u00fcber eine aktive Stromausgleichssteuerung, die eine nahtlose Integration von neuen und alten Batterieschr\u00e4nken erm\u00f6glicht. Es bietet Flexibilit\u00e4t bei der Erweiterung und macht es einfach, die Speicherkapazit\u00e4t je nach Bedarf zu erh\u00f6hen<\/li>\n<li>Stabile LFP-Zellen sorgen daf\u00fcr, dass w\u00e4hrend des thermischen Durchgehens keine Br\u00e4nde entstehen. Das System verf\u00fcgt \u00fcber ein PACK-Level-Feuerl\u00f6schsystem, das schnell und pr\u00e4zise reagiert und eine Brandausbreitung verhindert. Es garantiert eine sichere Energiespeicherl\u00f6sung ohne Risiko der Ausbreitung.<\/li>\n<\/ul>\n<div class=\"mceTemp\"><\/div>\n<p>&nbsp;<\/p>\n<p>&nbsp;<\/p>","protected":false},"excerpt":{"rendered":"<p>Verursachen h\u00e4ufige Stromausf\u00e4lle und unzuverl\u00e4ssige Energiequellen Unterbrechungen und Ausfallzeiten in Ihrem Unternehmen? Wir verstehen die Probleme, die Sie mit der UPS-Energiespeicherung haben. Aber machen Sie sich keine Sorgen, denn wir haben die perfekte L\u00f6sung f\u00fcr Sie. Mit unserer zuverl\u00e4ssigen Batterietechnologie k\u00f6nnen Sie auf einen reibungslosen \u00dcbergang zur Notstromversorgung ohne Unterbrechungen vertrauen.<\/p>\n<p><strong>Merkmal:<\/strong><\/p>\n<ul>\n<li>LFP-Zelle (Lithium-Eisen-Phosphat) f\u00fcr h\u00f6chste Sicherheit, h\u00f6here Energiedichte, l\u00e4ngere Lebensdauer, breiter Temperaturbereich.<\/li>\n<li>Es verwendet CBMS-BMU Design, sch\u00fctzen Spannung, Strom, Temperatur im gesamten Betrieb.<\/li>\n<li>Es unterst\u00fctzt CAN und RS485 Kommunikation mit UPS oder PC.<\/li>\n<li>Das LCD-Display zeigt die Batterieinformationen an (optional).<\/li>\n<li>Das kompakte, modulare Design sorgt f\u00fcr maximale Kapazit\u00e4tsflexibilit\u00e4t und minimiert die Installationszeit und -kosten.<\/li>\n<li>Die Anpassung des Batteriesystems mit Nullleiter ist willkommen<\/li>\n<\/ul>\n<p>&nbsp;<\/p>","protected":false},"featured_media":1516,"template":"","meta":{"_acf_changed":false,"_seopress_robots_primary_cat":"none","_seopress_titles_title":"","_seopress_titles_desc":"","_seopress_robots_index":""},"product_brand":[],"product_cat":[22],"product_tag":[61],"class_list":{"0":"post-1436","1":"product","2":"type-product","3":"status-publish","4":"has-post-thumbnail","6":"product_cat-uncategorized","7":"product_tag-data-center","9":"first","10":"instock","11":"shipping-taxable","12":"product-type-simple"},"acf":[],"_links":{"self":[{"href":"https:\/\/recreen.com\/de\/wp-json\/wp\/v2\/product\/1436"}],"collection":[{"href":"https:\/\/recreen.com\/de\/wp-json\/wp\/v2\/product"}],"about":[{"href":"https:\/\/recreen.com\/de\/wp-json\/wp\/v2\/types\/product"}],"wp:featuredmedia":[{"embeddable":true,"href":"https:\/\/recreen.com\/de\/wp-json\/wp\/v2\/media\/1516"}],"wp:attachment":[{"href":"https:\/\/recreen.com\/de\/wp-json\/wp\/v2\/media?parent=1436"}],"wp:term":[{"taxonomy":"product_brand","embeddable":true,"href":"https:\/\/recreen.com\/de\/wp-json\/wp\/v2\/product_brand?post=1436"},{"taxonomy":"product_cat","embeddable":true,"href":"https:\/\/recreen.com\/de\/wp-json\/wp\/v2\/product_cat?post=1436"},{"taxonomy":"product_tag","embeddable":true,"href":"https:\/\/recreen.com\/de\/wp-json\/wp\/v2\/product_tag?post=1436"}],"curies":[{"name":"wp","href":"https:\/\/api.w.org\/{rel}","templated":true}]}}