{"id":1430,"date":"2023-07-17T00:33:04","date_gmt":"2023-07-17T08:33:04","guid":{"rendered":"https:\/\/recreen.com\/?post_type=product&#038;p=1430"},"modified":"2023-07-17T18:06:03","modified_gmt":"2023-07-18T02:06:03","slug":"192v-ups-backup-lithium-battery","status":"publish","type":"product","link":"https:\/\/recreen.com\/de\/products\/192v-ups-backup-lithium-battery\/","title":{"rendered":"192V Serie Hochspannungs-UPS-Backup Lithium-Batterie"},"content":{"rendered":"<p>Die Hochspannungsserie ist ein Lithium-Eisenphosphat-Batteriespeicherschrank, der speziell f\u00fcr Hochspannungs-USV-Systeme (100V-600V) entwickelt wurde. Das System umfasst Batterieschr\u00e4nke mit integrierten intelligenten BMUs und nahtloser CBMS-Integration. Es zeichnet sich durch Sicherheit, Lebensdauer, Energiedichte, Schnellladung, Temperaturbereich und Umweltfreundlichkeit aus. Recreen Energy hat es sich zur Aufgabe gemacht, eine sichere, stabile und zuverl\u00e4ssige Stromversorgung f\u00fcr USV-Systeme anzubieten.<\/p>\n<ul>\n<li class=\"title\">Das System verf\u00fcgt \u00fcber eine aktive Stromausgleichssteuerung, die eine nahtlose Integration von neuen und alten Batterieschr\u00e4nken erm\u00f6glicht. Es bietet Flexibilit\u00e4t bei der Erweiterung und macht es einfach, die Speicherkapazit\u00e4t je nach Bedarf zu erh\u00f6hen<\/li>\n<li>Stabile LFP-Zellen sorgen daf\u00fcr, dass w\u00e4hrend des thermischen Durchgehens keine Br\u00e4nde entstehen. Das System verf\u00fcgt \u00fcber ein PACK-Level-Feuerl\u00f6schsystem, das schnell und pr\u00e4zise reagiert und eine Brandausbreitung verhindert. Es garantiert eine sichere Energiespeicherl\u00f6sung ohne Risiko der Ausbreitung.<\/li>\n<li>BMS-System sorgt f\u00fcr Zuverl\u00e4ssigkeit, intelligente aktive Spannungsausgleichskontrolle, Batteriestr\u00e4nge mit unterschiedlicher Anzahl von Lithiumbatterien k\u00f6nnen parallel geschaltet werden<\/li>\n<\/ul>\n<p>&nbsp;<\/p>\n<p>&nbsp;<\/p>","protected":false},"excerpt":{"rendered":"<p>Die Sylon Solar UPS Backup-Batterie ist ein fortschrittlicher Batteriespeicher f\u00fcr mittlere und gro\u00dfe Rechenzentren und kritische Stromversorgungen. Sie bietet eine lange Lebensdauer, ein kompaktes Design und eine einfache Wartung. Mit Brandschutzfunktionen und flexibler Erweiterungsunterst\u00fctzung garantiert sie weltweit eine zuverl\u00e4ssige Stromversorgung.<\/p>\n<p><strong>Merkmal:<\/strong><\/p>\n<ul>\n<li>LFP-Zelle (Lithium-Eisen-Phosphat) f\u00fcr h\u00f6chste Sicherheit, h\u00f6here Energiedichte, l\u00e4ngere Lebensdauer, breiter Temperaturbereich.<\/li>\n<li>Es verwendet CBMS-BMU Design, sch\u00fctzen Spannung, Strom, Temperatur im gesamten Betrieb.<\/li>\n<li>Es unterst\u00fctzt CAN und RS485 Kommunikation mit UPS oder PC.<\/li>\n<li>Das LCD-Display zeigt die Batterieinformationen an (optional).<\/li>\n<li>Das kompakte, modulare Design sorgt f\u00fcr maximale Kapazit\u00e4tsflexibilit\u00e4t und minimiert die Installationszeit und -kosten.<\/li>\n<li>Die Anpassung des Batteriesystems mit Nullleiter ist willkommen<\/li>\n<\/ul>","protected":false},"featured_media":1431,"template":"","meta":{"_acf_changed":false,"_seopress_robots_primary_cat":"none","_seopress_titles_title":"","_seopress_titles_desc":"","_seopress_robots_index":""},"product_brand":[],"product_cat":[22],"product_tag":[61],"class_list":{"0":"post-1430","1":"product","2":"type-product","3":"status-publish","4":"has-post-thumbnail","6":"product_cat-uncategorized","7":"product_tag-data-center","9":"first","10":"instock","11":"shipping-taxable","12":"product-type-simple"},"acf":[],"_links":{"self":[{"href":"https:\/\/recreen.com\/de\/wp-json\/wp\/v2\/product\/1430"}],"collection":[{"href":"https:\/\/recreen.com\/de\/wp-json\/wp\/v2\/product"}],"about":[{"href":"https:\/\/recreen.com\/de\/wp-json\/wp\/v2\/types\/product"}],"wp:featuredmedia":[{"embeddable":true,"href":"https:\/\/recreen.com\/de\/wp-json\/wp\/v2\/media\/1431"}],"wp:attachment":[{"href":"https:\/\/recreen.com\/de\/wp-json\/wp\/v2\/media?parent=1430"}],"wp:term":[{"taxonomy":"product_brand","embeddable":true,"href":"https:\/\/recreen.com\/de\/wp-json\/wp\/v2\/product_brand?post=1430"},{"taxonomy":"product_cat","embeddable":true,"href":"https:\/\/recreen.com\/de\/wp-json\/wp\/v2\/product_cat?post=1430"},{"taxonomy":"product_tag","embeddable":true,"href":"https:\/\/recreen.com\/de\/wp-json\/wp\/v2\/product_tag?post=1430"}],"curies":[{"name":"wp","href":"https:\/\/api.w.org\/{rel}","templated":true}]}}