{"id":1418,"date":"2023-07-16T19:32:32","date_gmt":"2023-07-17T03:32:32","guid":{"rendered":"https:\/\/recreen.com\/?post_type=product&#038;p=1418"},"modified":"2024-09-29T20:58:19","modified_gmt":"2024-09-30T04:58:19","slug":"12v-200ah-lifepo4-lithium-battery","status":"publish","type":"product","link":"https:\/\/recreen.com\/de\/products\/12v-200ah-lifepo4-lithium-battery\/","title":{"rendered":"12.8V 200Ah Deep Cycle Solar Lithium Batterie"},"content":{"rendered":"<p>Unsere hochmoderne 12,8V 200Ah Lithium-Batterie mit . Dieses Kraftpaket wurde entwickelt, um die Leistungsstandards neu zu definieren, und verf\u00fcgt \u00fcber eine unglaubliche Kapazit\u00e4t, um all Ihre Stromanforderungen zu erf\u00fcllen. Ob f\u00fcr Notstromversorgung, Wohnmobilabenteuer, Bootsausfl\u00fcge oder netzunabh\u00e4ngige Anwendungen, diese Lithiumbatterie ist Ihre ultimative L\u00f6sung.<\/p>\n<p>Optionale Funktionen: Bluetooth, Selbsterhitzung, LED-Bildschirm...<\/p>\n<p>&nbsp;<\/p>\n<p>&nbsp;<\/p>","protected":false},"excerpt":{"rendered":"<p>Wir stellen unsere 200Ah-Lithium-Freizeitbatterie vor: unvergleichliche Leistung und Komfort. Die kleinste und leistungsst\u00e4rkste Batterie auf dem Markt, mit einer beeindruckenden Kapazit\u00e4t von 2,5 KWh. Mit hochwertigen Zellen, integrierter BMS-Technologie und Bluetooth ist sie zuverl\u00e4ssig und einfach zu bedienen.<\/p>\n<p><strong>Merkmal:<\/strong><\/p>\n<ul>\n<li>Das fortschrittliche BMS, das den Software-Controller nutzt, \u00fcberwacht intelligent die Betriebsbedingungen der Batterie und kontrolliert ihren sicheren Betrieb<\/li>\n<li>Dank der verbesserten Auto-Balancing-Funktion k\u00f6nnen Sie Batterien sicher parallel oder in Reihe schalten.<\/li>\n<li>Einfache \u00dcberwachung der Lithium-Batterie per WiFi\/Bluetooth<\/li>\n<li>Unterst\u00fctzt Verbindungen mit 4 St\u00fcck in Serie und 4 St\u00fcck parallel<\/li>\n<li>Ma\u00dfgeschneiderte Lithium-Batterien sind erh\u00e4ltlich<\/li>\n<\/ul>","protected":false},"featured_media":2769,"template":"","meta":{"_acf_changed":false,"_seopress_robots_primary_cat":"none","_seopress_titles_title":"12.8v 200ah solar deep cycle lithium battery","_seopress_titles_desc":"lithium batteries,solar lithium batteries,12.8v 200ah lithium batteries,12v 200ah solar lithium batteries,12.8v lead acid replacement lithium batteries","_seopress_robots_index":""},"product_brand":[],"product_cat":[84],"product_tag":[59],"class_list":{"0":"post-1418","1":"product","2":"type-product","3":"status-publish","4":"has-post-thumbnail","6":"product_cat-lead-acid-replacement-lithium-battery","7":"product_tag-rv","9":"first","10":"instock","11":"shipping-taxable","12":"product-type-simple"},"acf":[],"_links":{"self":[{"href":"https:\/\/recreen.com\/de\/wp-json\/wp\/v2\/product\/1418"}],"collection":[{"href":"https:\/\/recreen.com\/de\/wp-json\/wp\/v2\/product"}],"about":[{"href":"https:\/\/recreen.com\/de\/wp-json\/wp\/v2\/types\/product"}],"wp:featuredmedia":[{"embeddable":true,"href":"https:\/\/recreen.com\/de\/wp-json\/wp\/v2\/media\/2769"}],"wp:attachment":[{"href":"https:\/\/recreen.com\/de\/wp-json\/wp\/v2\/media?parent=1418"}],"wp:term":[{"taxonomy":"product_brand","embeddable":true,"href":"https:\/\/recreen.com\/de\/wp-json\/wp\/v2\/product_brand?post=1418"},{"taxonomy":"product_cat","embeddable":true,"href":"https:\/\/recreen.com\/de\/wp-json\/wp\/v2\/product_cat?post=1418"},{"taxonomy":"product_tag","embeddable":true,"href":"https:\/\/recreen.com\/de\/wp-json\/wp\/v2\/product_tag?post=1418"}],"curies":[{"name":"wp","href":"https:\/\/api.w.org\/{rel}","templated":true}]}}